{"id":2110,"date":"2021-10-22T15:29:05","date_gmt":"2021-10-22T15:29:05","guid":{"rendered":"https:\/\/www.00261.fr\/?post_type=product&#038;p=2110"},"modified":"2025-10-27T15:40:23","modified_gmt":"2025-10-27T15:40:23","slug":"katrafay-huile-essentielle-imra","status":"publish","type":"product","link":"https:\/\/www.00261.fr\/?product=katrafay-huile-essentielle-imra","title":{"rendered":"Katrafay &#8211; Huile essentielle Imra"},"content":{"rendered":"<p>Huile essentielle Katrafay Imra<\/p>\n<p>Forme et pr\u00e9sentation : Flacon de 5cc<\/p>\n<p>Fabricant : IMRA<\/p>\n<p>Vendeur : Sediem<\/p>\n<p>Indications: Douleurs, maux de dos, fatigue, Rhumatismes.<\/p>\n<p>Mode d&#8217;emploi:<br \/>\nVoie locale: 1 \u00e0 5 gouttes 3 fois par jour en massage, sur le zones douloureuses, pures ou dilu\u00e9es d&rsquo;huile v\u00e9g\u00e9tale fluide.<\/p>\n","protected":false},"excerpt":{"rendered":"<p>Huile essentielle Katrafay IMRA<\/p>\n<p>origine : Madagascar<br \/>\nFabricant : Imra<br \/>\nVendeur \/distributeur : SEDIEM<br \/>\norigine de Madagascar<\/p>\n","protected":false},"featured_media":2186,"comment_status":"closed","ping_status":"closed","template":"","meta":{"_seopress_robots_primary_cat":"none","_seopress_titles_title":"","_seopress_titles_desc":"","_seopress_robots_index":""},"product_brand":[],"product_cat":[15],"product_tag":[],"class_list":{"0":"post-2110","1":"product","2":"type-product","3":"status-publish","4":"has-post-thumbnail","6":"product_cat-huiles-essentielles","8":"first","9":"instock","10":"taxable","11":"shipping-taxable","12":"purchasable","13":"product-type-simple","14":"add-to-wishlist-after_add_to_cart"},"jetpack_sharing_enabled":true,"_links":{"self":[{"href":"https:\/\/www.00261.fr\/index.php?rest_route=\/wp\/v2\/product\/2110","targetHints":{"allow":["GET"]}}],"collection":[{"href":"https:\/\/www.00261.fr\/index.php?rest_route=\/wp\/v2\/product"}],"about":[{"href":"https:\/\/www.00261.fr\/index.php?rest_route=\/wp\/v2\/types\/product"}],"replies":[{"embeddable":true,"href":"https:\/\/www.00261.fr\/index.php?rest_route=%2Fwp%2Fv2%2Fcomments&post=2110"}],"wp:featuredmedia":[{"embeddable":true,"href":"https:\/\/www.00261.fr\/index.php?rest_route=\/wp\/v2\/media\/2186"}],"wp:attachment":[{"href":"https:\/\/www.00261.fr\/index.php?rest_route=%2Fwp%2Fv2%2Fmedia&parent=2110"}],"wp:term":[{"taxonomy":"product_brand","embeddable":true,"href":"https:\/\/www.00261.fr\/index.php?rest_route=%2Fwp%2Fv2%2Fproduct_brand&post=2110"},{"taxonomy":"product_cat","embeddable":true,"href":"https:\/\/www.00261.fr\/index.php?rest_route=%2Fwp%2Fv2%2Fproduct_cat&post=2110"},{"taxonomy":"product_tag","embeddable":true,"href":"https:\/\/www.00261.fr\/index.php?rest_route=%2Fwp%2Fv2%2Fproduct_tag&post=2110"}],"curies":[{"name":"wp","href":"https:\/\/api.w.org\/{rel}","templated":true}]}}