{"id":1859,"date":"2021-09-23T08:03:22","date_gmt":"2021-09-23T08:03:22","guid":{"rendered":"https:\/\/www.00261.fr\/?post_type=product&#038;p=1859"},"modified":"2025-10-25T16:55:02","modified_gmt":"2025-10-25T16:55:02","slug":"saro-mandravasarotra-huile-essentielle","status":"publish","type":"product","link":"https:\/\/www.00261.fr\/?product=saro-mandravasarotra-huile-essentielle","title":{"rendered":"Saro Mandravasarotra &#8211; Huile essentielle Homeopharma"},"content":{"rendered":"<p>Saro Mandravasarotra huile essentielle<\/p>\n<p>Puissant immunostimulant et antibiotique naturel \u00e0 large spectre. Etats infectieux, infections virales et bact\u00e9riennes des voies respiratoires, \u00e9tats grippaux, toux trainantes et rebelles.<\/p>\n<p>&nbsp;<\/p>\n<p>Fabricant : Homeopharma<\/p>\n<p>Vendeur : Sediem<\/p>\n","protected":false},"excerpt":{"rendered":"<p>Orange huile essentielle<\/p>\n<p>origine : Madagascar<br \/>\nFabricant : Hom\u00e9opharma<br \/>\nVendeur \/distributeur : SEDIEM<br \/>\norigine de Madagascar<\/p>\n","protected":false},"featured_media":1869,"comment_status":"closed","ping_status":"closed","template":"","meta":{"_seopress_robots_primary_cat":"none","_seopress_titles_title":"","_seopress_titles_desc":"","_seopress_robots_index":""},"product_brand":[],"product_cat":[15],"product_tag":[],"class_list":{"0":"post-1859","1":"product","2":"type-product","3":"status-publish","4":"has-post-thumbnail","6":"product_cat-huiles-essentielles","8":"first","9":"instock","10":"taxable","11":"shipping-taxable","12":"purchasable","13":"product-type-simple","14":"add-to-wishlist-after_add_to_cart"},"jetpack_sharing_enabled":true,"_links":{"self":[{"href":"https:\/\/www.00261.fr\/index.php?rest_route=\/wp\/v2\/product\/1859","targetHints":{"allow":["GET"]}}],"collection":[{"href":"https:\/\/www.00261.fr\/index.php?rest_route=\/wp\/v2\/product"}],"about":[{"href":"https:\/\/www.00261.fr\/index.php?rest_route=\/wp\/v2\/types\/product"}],"replies":[{"embeddable":true,"href":"https:\/\/www.00261.fr\/index.php?rest_route=%2Fwp%2Fv2%2Fcomments&post=1859"}],"wp:featuredmedia":[{"embeddable":true,"href":"https:\/\/www.00261.fr\/index.php?rest_route=\/wp\/v2\/media\/1869"}],"wp:attachment":[{"href":"https:\/\/www.00261.fr\/index.php?rest_route=%2Fwp%2Fv2%2Fmedia&parent=1859"}],"wp:term":[{"taxonomy":"product_brand","embeddable":true,"href":"https:\/\/www.00261.fr\/index.php?rest_route=%2Fwp%2Fv2%2Fproduct_brand&post=1859"},{"taxonomy":"product_cat","embeddable":true,"href":"https:\/\/www.00261.fr\/index.php?rest_route=%2Fwp%2Fv2%2Fproduct_cat&post=1859"},{"taxonomy":"product_tag","embeddable":true,"href":"https:\/\/www.00261.fr\/index.php?rest_route=%2Fwp%2Fv2%2Fproduct_tag&post=1859"}],"curies":[{"name":"wp","href":"https:\/\/api.w.org\/{rel}","templated":true}]}}