{"id":1857,"date":"2021-09-23T07:49:04","date_gmt":"2021-09-23T07:49:04","guid":{"rendered":"https:\/\/www.00261.fr\/?post_type=product&#038;p=1857"},"modified":"2024-05-31T10:12:26","modified_gmt":"2024-05-31T10:12:26","slug":"baume-articulation","status":"publish","type":"product","link":"https:\/\/www.00261.fr\/?product=baume-articulation","title":{"rendered":"Baume articulation"},"content":{"rendered":"<p>Varice_jambe lourde, fragilit\u00e9 capillaire, mauvaise circulation, pr\u00e9vient le durcissement art\u00e9riel, tonifiant vasculaire.<br \/>\nPr\u00e9sentation : Pot<\/p>\n<p>origine : Madagascar<br \/>\nVendeur : SEDIEM<\/p>\n","protected":false},"excerpt":{"rendered":"<p>Baume articulation : origine de Madagascar<\/p>\n","protected":false},"featured_media":1872,"comment_status":"closed","ping_status":"closed","template":"","meta":{"_seopress_robots_primary_cat":"none","_seopress_titles_title":"","_seopress_titles_desc":"","_seopress_robots_index":""},"product_brand":[],"product_cat":[77],"product_tag":[],"class_list":{"0":"post-1857","1":"product","2":"type-product","3":"status-publish","4":"has-post-thumbnail","6":"product_cat-parapharmacie","8":"first","9":"outofstock","10":"taxable","11":"shipping-taxable","12":"purchasable","13":"product-type-simple","14":"add-to-wishlist-after_add_to_cart"},"jetpack_sharing_enabled":true,"_links":{"self":[{"href":"https:\/\/www.00261.fr\/index.php?rest_route=\/wp\/v2\/product\/1857","targetHints":{"allow":["GET"]}}],"collection":[{"href":"https:\/\/www.00261.fr\/index.php?rest_route=\/wp\/v2\/product"}],"about":[{"href":"https:\/\/www.00261.fr\/index.php?rest_route=\/wp\/v2\/types\/product"}],"replies":[{"embeddable":true,"href":"https:\/\/www.00261.fr\/index.php?rest_route=%2Fwp%2Fv2%2Fcomments&post=1857"}],"wp:featuredmedia":[{"embeddable":true,"href":"https:\/\/www.00261.fr\/index.php?rest_route=\/wp\/v2\/media\/1872"}],"wp:attachment":[{"href":"https:\/\/www.00261.fr\/index.php?rest_route=%2Fwp%2Fv2%2Fmedia&parent=1857"}],"wp:term":[{"taxonomy":"product_brand","embeddable":true,"href":"https:\/\/www.00261.fr\/index.php?rest_route=%2Fwp%2Fv2%2Fproduct_brand&post=1857"},{"taxonomy":"product_cat","embeddable":true,"href":"https:\/\/www.00261.fr\/index.php?rest_route=%2Fwp%2Fv2%2Fproduct_cat&post=1857"},{"taxonomy":"product_tag","embeddable":true,"href":"https:\/\/www.00261.fr\/index.php?rest_route=%2Fwp%2Fv2%2Fproduct_tag&post=1857"}],"curies":[{"name":"wp","href":"https:\/\/api.w.org\/{rel}","templated":true}]}}