{"id":1845,"date":"2021-09-18T06:57:15","date_gmt":"2021-09-18T06:57:15","guid":{"rendered":"https:\/\/www.00261.fr\/?post_type=product&#038;p=1845"},"modified":"2026-01-16T10:20:30","modified_gmt":"2026-01-16T10:20:30","slug":"saosisy-gasy-vente-uniquement-pour-ile-de-france","status":"publish","type":"product","link":"https:\/\/www.00261.fr\/?product=saosisy-gasy-vente-uniquement-pour-ile-de-france","title":{"rendered":"Saosisy gasy (vente uniquement SUR PLACE EN MAGASIN )"},"content":{"rendered":"<p>Saosisy gasy<\/p>\n<p>Remarque : Saucisse fait en France \u00e0 la Malgache mais non import\u00e9.<\/p>\n<p>Poids brut : 0.5kg<\/p>\n<p>condition de vente : valable uniquement sur une r\u00e9gion \u00eele de France. Pri\u00e8re de nous contacter au 01 42 00 67 49 ou 0618036151 pour discuter de la faisabilit\u00e9 de la livraison et puis pour le frais.<\/p>\n<p>&nbsp;<\/p>\n<p>Origine : Madagascar<\/p>\n<p>&nbsp;<\/p>\n<p>&nbsp;<\/p>\n<div data-pane-id=\"1\"><\/div>\n","protected":false},"excerpt":{"rendered":"<p>Saosisy 0.5kg<\/p>\n<p>Origine : Madagascar<\/p>\n","protected":false},"featured_media":1846,"comment_status":"closed","ping_status":"closed","template":"","meta":{"_seopress_robots_primary_cat":"none","_seopress_titles_title":"","_seopress_titles_desc":"","_seopress_robots_index":""},"product_brand":[],"product_cat":[56],"product_tag":[],"class_list":{"0":"post-1845","1":"product","2":"type-product","3":"status-publish","4":"has-post-thumbnail","6":"product_cat-epicerie","8":"first","9":"instock","10":"featured","11":"taxable","12":"shipping-taxable","13":"purchasable","14":"product-type-simple","15":"add-to-wishlist-after_add_to_cart"},"jetpack_sharing_enabled":true,"_links":{"self":[{"href":"https:\/\/www.00261.fr\/index.php?rest_route=\/wp\/v2\/product\/1845","targetHints":{"allow":["GET"]}}],"collection":[{"href":"https:\/\/www.00261.fr\/index.php?rest_route=\/wp\/v2\/product"}],"about":[{"href":"https:\/\/www.00261.fr\/index.php?rest_route=\/wp\/v2\/types\/product"}],"replies":[{"embeddable":true,"href":"https:\/\/www.00261.fr\/index.php?rest_route=%2Fwp%2Fv2%2Fcomments&post=1845"}],"wp:featuredmedia":[{"embeddable":true,"href":"https:\/\/www.00261.fr\/index.php?rest_route=\/wp\/v2\/media\/1846"}],"wp:attachment":[{"href":"https:\/\/www.00261.fr\/index.php?rest_route=%2Fwp%2Fv2%2Fmedia&parent=1845"}],"wp:term":[{"taxonomy":"product_brand","embeddable":true,"href":"https:\/\/www.00261.fr\/index.php?rest_route=%2Fwp%2Fv2%2Fproduct_brand&post=1845"},{"taxonomy":"product_cat","embeddable":true,"href":"https:\/\/www.00261.fr\/index.php?rest_route=%2Fwp%2Fv2%2Fproduct_cat&post=1845"},{"taxonomy":"product_tag","embeddable":true,"href":"https:\/\/www.00261.fr\/index.php?rest_route=%2Fwp%2Fv2%2Fproduct_tag&post=1845"}],"curies":[{"name":"wp","href":"https:\/\/api.w.org\/{rel}","templated":true}]}}