{"id":1843,"date":"2021-09-18T06:50:44","date_gmt":"2021-09-18T06:50:44","guid":{"rendered":"https:\/\/www.00261.fr\/?post_type=product&#038;p=1843"},"modified":"2024-07-10T10:41:40","modified_gmt":"2024-07-10T10:41:40","slug":"saosisy-2-kabarovente-uniquement-pour-ile-de-france","status":"publish","type":"product","link":"https:\/\/www.00261.fr\/?product=saosisy-2-kabarovente-uniquement-pour-ile-de-france","title":{"rendered":"Lot Saosisy + 2 Kabaro (vente uniquement pour MAGASIN)"},"content":{"rendered":"<p>Pack &lsquo;Aza manadino&rsquo;<\/p>\n<p>Saosisy 0.5kg + 2 kabaro (vente uniquement pour \u00eele de france)<\/p>\n<p>condition de vente : valable uniquement sur une r\u00e9gion \u00eele de France. Pri\u00e8re de nous conatcter au 01 42 00 67 49 ou 0618036151 pour discuter de la faisabilit\u00e9 de la livraison et puis pour le frais.<\/p>\n<p>&nbsp;<\/p>\n<p>Origine : Madagascar<\/p>\n<p>&nbsp;<\/p>\n<p>&nbsp;<\/p>\n<div data-pane-id=\"1\"><\/div>\n","protected":false},"excerpt":{"rendered":"<p>Pack aa manadino<\/p>\n<p>Saosisy 0.5kg + 2 kabaro (vente uniquement pour \u00eele de france)<\/p>\n<p>&nbsp;<\/p>\n<p>Origine : Madagascar<\/p>\n","protected":false},"featured_media":1837,"comment_status":"closed","ping_status":"closed","template":"","meta":{"_seopress_robots_primary_cat":"none","_seopress_titles_title":"","_seopress_titles_desc":"","_seopress_robots_index":""},"product_brand":[],"product_cat":[75],"product_tag":[],"class_list":{"0":"post-1843","1":"product","2":"type-product","3":"status-publish","4":"has-post-thumbnail","6":"product_cat-promos","8":"first","9":"onbackorder","10":"sale","11":"featured","12":"taxable","13":"shipping-taxable","14":"purchasable","15":"product-type-simple","16":"add-to-wishlist-after_add_to_cart"},"jetpack_sharing_enabled":true,"_links":{"self":[{"href":"https:\/\/www.00261.fr\/index.php?rest_route=\/wp\/v2\/product\/1843","targetHints":{"allow":["GET"]}}],"collection":[{"href":"https:\/\/www.00261.fr\/index.php?rest_route=\/wp\/v2\/product"}],"about":[{"href":"https:\/\/www.00261.fr\/index.php?rest_route=\/wp\/v2\/types\/product"}],"replies":[{"embeddable":true,"href":"https:\/\/www.00261.fr\/index.php?rest_route=%2Fwp%2Fv2%2Fcomments&post=1843"}],"wp:featuredmedia":[{"embeddable":true,"href":"https:\/\/www.00261.fr\/index.php?rest_route=\/wp\/v2\/media\/1837"}],"wp:attachment":[{"href":"https:\/\/www.00261.fr\/index.php?rest_route=%2Fwp%2Fv2%2Fmedia&parent=1843"}],"wp:term":[{"taxonomy":"product_brand","embeddable":true,"href":"https:\/\/www.00261.fr\/index.php?rest_route=%2Fwp%2Fv2%2Fproduct_brand&post=1843"},{"taxonomy":"product_cat","embeddable":true,"href":"https:\/\/www.00261.fr\/index.php?rest_route=%2Fwp%2Fv2%2Fproduct_cat&post=1843"},{"taxonomy":"product_tag","embeddable":true,"href":"https:\/\/www.00261.fr\/index.php?rest_route=%2Fwp%2Fv2%2Fproduct_tag&post=1843"}],"curies":[{"name":"wp","href":"https:\/\/api.w.org\/{rel}","templated":true}]}}