{"id":1794,"date":"2021-08-29T12:58:07","date_gmt":"2021-08-29T12:58:07","guid":{"rendered":"https:\/\/www.00261.fr\/?post_type=product&#038;p=1794"},"modified":"2026-04-21T08:40:57","modified_gmt":"2026-04-21T08:40:57","slug":"lot-orchidee-lait-creme","status":"publish","type":"product","link":"https:\/\/www.00261.fr\/?product=lot-orchidee-lait-creme","title":{"rendered":"Lot orchid\u00e9e  (lait, cr\u00e8me)"},"content":{"rendered":"<p>Lot orchid\u00e9e<\/p>\n<p>Cr\u00e8me orchid\u00e9e<br \/>\nLait d\u00e9maquillant orchid\u00e9e<\/p>\n<p>Vendeur :SEDIEM<\/p>\n","protected":false},"excerpt":{"rendered":"<p>Lot orchid\u00e9e<\/p>\n<p>Cr\u00e8me orchid\u00e9e<br \/>\nLait d\u00e9maquillant orchid\u00e9e<\/p>\n<p>&nbsp;<\/p>\n<p>&nbsp;<\/p>\n<p>&nbsp;<\/p>\n<p>Origine : Madagascar<\/p>\n","protected":false},"featured_media":2691,"comment_status":"closed","ping_status":"closed","template":"","meta":{"_seopress_robots_primary_cat":"none","_seopress_titles_title":"","_seopress_titles_desc":"","_seopress_robots_index":""},"product_brand":[],"product_cat":[75],"product_tag":[],"class_list":{"0":"post-1794","1":"product","2":"type-product","3":"status-publish","4":"has-post-thumbnail","6":"product_cat-promos","8":"first","9":"instock","10":"sale","11":"taxable","12":"shipping-taxable","13":"purchasable","14":"product-type-simple","15":"add-to-wishlist-after_add_to_cart"},"jetpack_sharing_enabled":true,"_links":{"self":[{"href":"https:\/\/www.00261.fr\/index.php?rest_route=\/wp\/v2\/product\/1794","targetHints":{"allow":["GET"]}}],"collection":[{"href":"https:\/\/www.00261.fr\/index.php?rest_route=\/wp\/v2\/product"}],"about":[{"href":"https:\/\/www.00261.fr\/index.php?rest_route=\/wp\/v2\/types\/product"}],"replies":[{"embeddable":true,"href":"https:\/\/www.00261.fr\/index.php?rest_route=%2Fwp%2Fv2%2Fcomments&post=1794"}],"wp:featuredmedia":[{"embeddable":true,"href":"https:\/\/www.00261.fr\/index.php?rest_route=\/wp\/v2\/media\/2691"}],"wp:attachment":[{"href":"https:\/\/www.00261.fr\/index.php?rest_route=%2Fwp%2Fv2%2Fmedia&parent=1794"}],"wp:term":[{"taxonomy":"product_brand","embeddable":true,"href":"https:\/\/www.00261.fr\/index.php?rest_route=%2Fwp%2Fv2%2Fproduct_brand&post=1794"},{"taxonomy":"product_cat","embeddable":true,"href":"https:\/\/www.00261.fr\/index.php?rest_route=%2Fwp%2Fv2%2Fproduct_cat&post=1794"},{"taxonomy":"product_tag","embeddable":true,"href":"https:\/\/www.00261.fr\/index.php?rest_route=%2Fwp%2Fv2%2Fproduct_tag&post=1794"}],"curies":[{"name":"wp","href":"https:\/\/api.w.org\/{rel}","templated":true}]}}