{"id":1780,"date":"2021-08-29T12:33:13","date_gmt":"2021-08-29T12:33:13","guid":{"rendered":"https:\/\/www.00261.fr\/?post_type=product&#038;p=1780"},"modified":"2025-10-25T17:10:38","modified_gmt":"2025-10-25T17:10:38","slug":"lot-aloe-lotion-lait-creme","status":"publish","type":"product","link":"https:\/\/www.00261.fr\/?product=lot-aloe-lotion-lait-creme","title":{"rendered":"Lot alo\u00e9  (lotion, lait, cr\u00e8me)"},"content":{"rendered":"<p>Lot alo\u00e9<\/p>\n<p>Lait d\u00e9maquillant alo\u00e9<br \/>\nCr\u00e8me alo\u00e9<br \/>\nLotion alo\u00e9<\/p>\n<p>Vendeur :SEDIEM<\/p>\n","protected":false},"excerpt":{"rendered":"<p>Lot alo\u00e9<br \/>\nLait d\u00e9maquillant alo\u00e9<br \/>\nCr\u00e8me alo\u00e9<br \/>\nLotion alo\u00e9<\/p>\n<p>Origine : Madagascar<\/p>\n","protected":false},"featured_media":1753,"comment_status":"closed","ping_status":"closed","template":"","meta":{"_seopress_robots_primary_cat":"none","_seopress_titles_title":"","_seopress_titles_desc":"","_seopress_robots_index":""},"product_brand":[],"product_cat":[75],"product_tag":[],"class_list":{"0":"post-1780","1":"product","2":"type-product","3":"status-publish","4":"has-post-thumbnail","6":"product_cat-promos","8":"first","9":"outofstock","10":"featured","11":"taxable","12":"shipping-taxable","13":"purchasable","14":"product-type-simple","15":"add-to-wishlist-after_add_to_cart"},"jetpack_sharing_enabled":true,"_links":{"self":[{"href":"https:\/\/www.00261.fr\/index.php?rest_route=\/wp\/v2\/product\/1780","targetHints":{"allow":["GET"]}}],"collection":[{"href":"https:\/\/www.00261.fr\/index.php?rest_route=\/wp\/v2\/product"}],"about":[{"href":"https:\/\/www.00261.fr\/index.php?rest_route=\/wp\/v2\/types\/product"}],"replies":[{"embeddable":true,"href":"https:\/\/www.00261.fr\/index.php?rest_route=%2Fwp%2Fv2%2Fcomments&post=1780"}],"wp:featuredmedia":[{"embeddable":true,"href":"https:\/\/www.00261.fr\/index.php?rest_route=\/wp\/v2\/media\/1753"}],"wp:attachment":[{"href":"https:\/\/www.00261.fr\/index.php?rest_route=%2Fwp%2Fv2%2Fmedia&parent=1780"}],"wp:term":[{"taxonomy":"product_brand","embeddable":true,"href":"https:\/\/www.00261.fr\/index.php?rest_route=%2Fwp%2Fv2%2Fproduct_brand&post=1780"},{"taxonomy":"product_cat","embeddable":true,"href":"https:\/\/www.00261.fr\/index.php?rest_route=%2Fwp%2Fv2%2Fproduct_cat&post=1780"},{"taxonomy":"product_tag","embeddable":true,"href":"https:\/\/www.00261.fr\/index.php?rest_route=%2Fwp%2Fv2%2Fproduct_tag&post=1780"}],"curies":[{"name":"wp","href":"https:\/\/api.w.org\/{rel}","templated":true}]}}