{"id":1748,"date":"2021-08-19T09:37:54","date_gmt":"2021-08-19T09:37:54","guid":{"rendered":"https:\/\/www.00261.fr\/?post_type=product&#038;p=1748"},"modified":"2025-11-29T17:26:33","modified_gmt":"2025-11-29T17:26:33","slug":"lot-orchidee-lotion-creme","status":"publish","type":"product","link":"https:\/\/www.00261.fr\/?product=lot-orchidee-lotion-creme","title":{"rendered":"Lot Orchid\u00e9e (lotion-cr\u00e8me)"},"content":{"rendered":"<p>Lot orchid\u00e9e (lotion-cr\u00e8me)<\/p>\n<p>Fabricant : hom\u00e9opharma<\/p>\n<p>Vendeur : SEDIEM<\/p>\n","protected":false},"excerpt":{"rendered":"<p>Lot orchid\u00e9e (lotion-cr\u00e8me)\u00a0 : origine de Madagascar, Anti-age<\/p>\n","protected":false},"featured_media":1752,"comment_status":"closed","ping_status":"closed","template":"","meta":{"_seopress_robots_primary_cat":"none","_seopress_titles_title":"","_seopress_titles_desc":"","_seopress_robots_index":""},"product_brand":[],"product_cat":[75],"product_tag":[],"class_list":{"0":"post-1748","1":"product","2":"type-product","3":"status-publish","4":"has-post-thumbnail","6":"product_cat-promos","8":"first","9":"instock","10":"taxable","11":"shipping-taxable","12":"purchasable","13":"product-type-simple","14":"add-to-wishlist-after_add_to_cart"},"jetpack_sharing_enabled":true,"_links":{"self":[{"href":"https:\/\/www.00261.fr\/index.php?rest_route=\/wp\/v2\/product\/1748","targetHints":{"allow":["GET"]}}],"collection":[{"href":"https:\/\/www.00261.fr\/index.php?rest_route=\/wp\/v2\/product"}],"about":[{"href":"https:\/\/www.00261.fr\/index.php?rest_route=\/wp\/v2\/types\/product"}],"replies":[{"embeddable":true,"href":"https:\/\/www.00261.fr\/index.php?rest_route=%2Fwp%2Fv2%2Fcomments&post=1748"}],"wp:featuredmedia":[{"embeddable":true,"href":"https:\/\/www.00261.fr\/index.php?rest_route=\/wp\/v2\/media\/1752"}],"wp:attachment":[{"href":"https:\/\/www.00261.fr\/index.php?rest_route=%2Fwp%2Fv2%2Fmedia&parent=1748"}],"wp:term":[{"taxonomy":"product_brand","embeddable":true,"href":"https:\/\/www.00261.fr\/index.php?rest_route=%2Fwp%2Fv2%2Fproduct_brand&post=1748"},{"taxonomy":"product_cat","embeddable":true,"href":"https:\/\/www.00261.fr\/index.php?rest_route=%2Fwp%2Fv2%2Fproduct_cat&post=1748"},{"taxonomy":"product_tag","embeddable":true,"href":"https:\/\/www.00261.fr\/index.php?rest_route=%2Fwp%2Fv2%2Fproduct_tag&post=1748"}],"curies":[{"name":"wp","href":"https:\/\/api.w.org\/{rel}","templated":true}]}}