{"id":1740,"date":"2021-08-14T07:58:49","date_gmt":"2021-08-14T07:58:49","guid":{"rendered":"https:\/\/www.00261.fr\/?post_type=product&#038;p=1740"},"modified":"2022-12-02T12:49:47","modified_gmt":"2022-12-02T12:49:47","slug":"dzama-8-ans","status":"publish","type":"product","link":"https:\/\/www.00261.fr\/?product=dzama-8-ans","title":{"rendered":"Dzama 8 ans"},"content":{"rendered":"<p>Dzama 8 ans<\/p>\n<p>Dans la famille des tr\u00e8s vieux rhums apr\u00e8s 8 ans de vieillissement en f\u00fbts, l&rsquo;affinage d\u00e9bute par un enf\u00fbtage dans des f\u00fbts de ch\u00eane plus r\u00e9duits. La maturation et la finalisation des complexes aromatiques et de la couleur s&rsquo;op\u00e8rent dans des f\u00fbts de ch\u00eanes issus d&rsquo;un vieillissement de Cognac. Ce vieux Rhum d\u00e9voile le go\u00fbt du cognac et le bois\u00e9 du ch\u00eane, exsudant de l\u2019extrait des douelles.Raffin\u00e9 et distingu\u00e9.<\/p>\n<p>Ce Rhum envoute le palais des connaisseurs d\u2019un magnifique bouquet d\u2019ar\u00f4mes.<\/p>\n<p>&nbsp;<\/p>\n<p>Origine : Madagascar<br \/>\nL&rsquo;abus d&rsquo;alcool est un danger pour la sant\u00e9, buvez avec mod\u00e9ration.<br \/>\nVente interdite aux moins de 18 ans.<\/p>\n<p>&nbsp;<\/p>\n<p>&nbsp;<\/p>\n<div data-pane-id=\"1\"><\/div>\n","protected":false},"excerpt":{"rendered":"<p>Dzama 8 ans<br \/>\nOrigine : Madagascar<\/p>\n","protected":false},"featured_media":1741,"comment_status":"closed","ping_status":"closed","template":"","meta":{"_seopress_robots_primary_cat":"none","_seopress_titles_title":"","_seopress_titles_desc":"","_seopress_robots_index":""},"product_brand":[],"product_cat":[98],"product_tag":[],"class_list":{"0":"post-1740","1":"product","2":"type-product","3":"status-publish","4":"has-post-thumbnail","6":"product_cat-boissons-alcooliques","8":"first","9":"outofstock","10":"featured","11":"taxable","12":"shipping-taxable","13":"purchasable","14":"product-type-simple","15":"add-to-wishlist-after_add_to_cart"},"jetpack_sharing_enabled":true,"_links":{"self":[{"href":"https:\/\/www.00261.fr\/index.php?rest_route=\/wp\/v2\/product\/1740","targetHints":{"allow":["GET"]}}],"collection":[{"href":"https:\/\/www.00261.fr\/index.php?rest_route=\/wp\/v2\/product"}],"about":[{"href":"https:\/\/www.00261.fr\/index.php?rest_route=\/wp\/v2\/types\/product"}],"replies":[{"embeddable":true,"href":"https:\/\/www.00261.fr\/index.php?rest_route=%2Fwp%2Fv2%2Fcomments&post=1740"}],"wp:featuredmedia":[{"embeddable":true,"href":"https:\/\/www.00261.fr\/index.php?rest_route=\/wp\/v2\/media\/1741"}],"wp:attachment":[{"href":"https:\/\/www.00261.fr\/index.php?rest_route=%2Fwp%2Fv2%2Fmedia&parent=1740"}],"wp:term":[{"taxonomy":"product_brand","embeddable":true,"href":"https:\/\/www.00261.fr\/index.php?rest_route=%2Fwp%2Fv2%2Fproduct_brand&post=1740"},{"taxonomy":"product_cat","embeddable":true,"href":"https:\/\/www.00261.fr\/index.php?rest_route=%2Fwp%2Fv2%2Fproduct_cat&post=1740"},{"taxonomy":"product_tag","embeddable":true,"href":"https:\/\/www.00261.fr\/index.php?rest_route=%2Fwp%2Fv2%2Fproduct_tag&post=1740"}],"curies":[{"name":"wp","href":"https:\/\/api.w.org\/{rel}","templated":true}]}}