{"id":1280,"date":"2021-02-28T20:00:46","date_gmt":"2021-02-28T20:00:46","guid":{"rendered":"https:\/\/www.00261.fr\/?post_type=product&#038;p=1280"},"modified":"2025-10-25T17:30:55","modified_gmt":"2025-10-25T17:30:55","slug":"tambavy-imra","status":"publish","type":"product","link":"https:\/\/www.00261.fr\/?product=tambavy-imra","title":{"rendered":"Tambavy -Imra"},"content":{"rendered":"<p>Tambavy -Imra<\/p>\n<p>Propri\u00e9t\u00e9 :<\/p>\n<p>Effet d\u00e9congestionnant et d\u00e9sinfectant des voies urinaires. Efface contre les infections r\u00e9sistantes aux antibiotiques. Effet relaxant sur les muscles lisses des voies urinaires. Action diur\u00e9tique.<\/p>\n<p>Composition :<\/p>\n<p>Extrait de Cassia occidentalis<\/p>\n<p>Extrait de Cynodon doctylon<\/p>\n<p>Extrait de Centella asiatica<\/p>\n<p>Extrait de Cinnamomum camphora<\/p>\n<p>Indications : Hygi\u00e8ne de l&rsquo;appareil urinaire. Pouvant servir \u00e9ventuellement pour la toilette intime des femmes.<\/p>\n<p>Posologie et mode d&#8217;emploi.<\/p>\n<p>1\/2 sachet en d\u00e9cotation dans 1 litre d&rsquo;eau pendant 10mn. A repartir au cours de la journ\u00e9e.<\/p>\n<p>Contre indication<\/p>\n<p>Hypokeli\u00e9mie<\/p>\n<p>Condition particuli\u00e8re de conservation.<\/p>\n<p>A conserver \u00e0 l&rsquo;abri de l&rsquo;humidit\u00e9<\/p>\n<p>&nbsp;<\/p>\n<p>Vendeur : Sediem<\/p>\n","protected":false},"excerpt":{"rendered":"<p>Tambavy -Imra<\/p>\n<p>origine : Madagascar<br \/>\nFabricant : Imra<br \/>\nVendeur \/distributeur : SEDIEM<br \/>\norigine de Madagascar<\/p>\n","protected":false},"featured_media":1277,"comment_status":"closed","ping_status":"closed","template":"","meta":{"_seopress_robots_primary_cat":"none","_seopress_titles_title":"","_seopress_titles_desc":"","_seopress_robots_index":""},"product_brand":[],"product_cat":[57],"product_tag":[],"class_list":{"0":"post-1280","1":"product","2":"type-product","3":"status-publish","4":"has-post-thumbnail","6":"product_cat-complements-alimentaires","8":"first","9":"outofstock","10":"taxable","11":"shipping-taxable","12":"purchasable","13":"product-type-simple","14":"add-to-wishlist-after_add_to_cart"},"jetpack_sharing_enabled":true,"_links":{"self":[{"href":"https:\/\/www.00261.fr\/index.php?rest_route=\/wp\/v2\/product\/1280","targetHints":{"allow":["GET"]}}],"collection":[{"href":"https:\/\/www.00261.fr\/index.php?rest_route=\/wp\/v2\/product"}],"about":[{"href":"https:\/\/www.00261.fr\/index.php?rest_route=\/wp\/v2\/types\/product"}],"replies":[{"embeddable":true,"href":"https:\/\/www.00261.fr\/index.php?rest_route=%2Fwp%2Fv2%2Fcomments&post=1280"}],"wp:featuredmedia":[{"embeddable":true,"href":"https:\/\/www.00261.fr\/index.php?rest_route=\/wp\/v2\/media\/1277"}],"wp:attachment":[{"href":"https:\/\/www.00261.fr\/index.php?rest_route=%2Fwp%2Fv2%2Fmedia&parent=1280"}],"wp:term":[{"taxonomy":"product_brand","embeddable":true,"href":"https:\/\/www.00261.fr\/index.php?rest_route=%2Fwp%2Fv2%2Fproduct_brand&post=1280"},{"taxonomy":"product_cat","embeddable":true,"href":"https:\/\/www.00261.fr\/index.php?rest_route=%2Fwp%2Fv2%2Fproduct_cat&post=1280"},{"taxonomy":"product_tag","embeddable":true,"href":"https:\/\/www.00261.fr\/index.php?rest_route=%2Fwp%2Fv2%2Fproduct_tag&post=1280"}],"curies":[{"name":"wp","href":"https:\/\/api.w.org\/{rel}","templated":true}]}}