{"id":1232,"date":"2021-02-25T11:38:12","date_gmt":"2021-02-25T11:38:12","guid":{"rendered":"https:\/\/www.00261.fr\/?post_type=product&#038;p=1232"},"modified":"2025-11-14T15:39:48","modified_gmt":"2025-11-14T15:39:48","slug":"masy-praoma","status":"publish","type":"product","link":"https:\/\/www.00261.fr\/?product=masy-praoma","title":{"rendered":"Masy Praoma Imra"},"content":{"rendered":"<p>Masy praoma<\/p>\n<p>Poudre sachet de 30 grms<\/p>\n<p>Propri\u00e9t\u00e9 : antimigraines et antalgiques<\/p>\n<p>Composition :<\/p>\n<p>Extrait de Quinquina<\/p>\n<p>Alphlo\u00efa theaeformis<\/p>\n<p>Indications :<\/p>\n<p>Maux de t\u00eate, grippe, Rhumatisme et maux dentaires.<\/p>\n<p>Posologie et mode d&#8217;emploi.<\/p>\n<p>1 Cuill\u00e8re \u00e0 caf\u00e9 dans une tasse d&rsquo;eau de pr\u00e9f\u00e9rence \u00e0 prendre pendant ou apr\u00e8s le repas. Bien remuer avant la prise<\/p>\n<p>Contre indication<\/p>\n<p>Ant\u00e9c\u00e9dent d&rsquo;ulc\u00e8re gastrique ou duod\u00e9nal<\/p>\n<p>Mise en garde et pr\u00e9caution d&#8217;emploi<\/p>\n<p>Il est recommand\u00e9 de boire un grand verre d&rsquo;eau apr\u00e8s avoir aval\u00e9 la pr\u00e9paration.<\/p>\n<p>Conditions particuli\u00e8re de conservation<\/p>\n<p>A l&rsquo;abri de l&rsquo;humidit\u00e9.<\/p>\n","protected":false},"excerpt":{"rendered":"<p>Masy Paroma<br \/>\nFabricant : IMRA<br \/>\nOrigine : Madagascar<br \/>\nvendeur : SEDIEM<\/p>\n","protected":false},"featured_media":1223,"comment_status":"closed","ping_status":"closed","template":"","meta":{"_seopress_robots_primary_cat":"none","_seopress_titles_title":"","_seopress_titles_desc":"","_seopress_robots_index":""},"product_brand":[],"product_cat":[57],"product_tag":[],"class_list":{"0":"post-1232","1":"product","2":"type-product","3":"status-publish","4":"has-post-thumbnail","6":"product_cat-complements-alimentaires","8":"first","9":"instock","10":"taxable","11":"shipping-taxable","12":"purchasable","13":"product-type-simple","14":"add-to-wishlist-after_add_to_cart"},"jetpack_sharing_enabled":true,"_links":{"self":[{"href":"https:\/\/www.00261.fr\/index.php?rest_route=\/wp\/v2\/product\/1232","targetHints":{"allow":["GET"]}}],"collection":[{"href":"https:\/\/www.00261.fr\/index.php?rest_route=\/wp\/v2\/product"}],"about":[{"href":"https:\/\/www.00261.fr\/index.php?rest_route=\/wp\/v2\/types\/product"}],"replies":[{"embeddable":true,"href":"https:\/\/www.00261.fr\/index.php?rest_route=%2Fwp%2Fv2%2Fcomments&post=1232"}],"wp:featuredmedia":[{"embeddable":true,"href":"https:\/\/www.00261.fr\/index.php?rest_route=\/wp\/v2\/media\/1223"}],"wp:attachment":[{"href":"https:\/\/www.00261.fr\/index.php?rest_route=%2Fwp%2Fv2%2Fmedia&parent=1232"}],"wp:term":[{"taxonomy":"product_brand","embeddable":true,"href":"https:\/\/www.00261.fr\/index.php?rest_route=%2Fwp%2Fv2%2Fproduct_brand&post=1232"},{"taxonomy":"product_cat","embeddable":true,"href":"https:\/\/www.00261.fr\/index.php?rest_route=%2Fwp%2Fv2%2Fproduct_cat&post=1232"},{"taxonomy":"product_tag","embeddable":true,"href":"https:\/\/www.00261.fr\/index.php?rest_route=%2Fwp%2Fv2%2Fproduct_tag&post=1232"}],"curies":[{"name":"wp","href":"https:\/\/api.w.org\/{rel}","templated":true}]}}