{"id":1231,"date":"2021-02-25T11:20:13","date_gmt":"2021-02-25T11:20:13","guid":{"rendered":"https:\/\/www.00261.fr\/?post_type=product&#038;p=1231"},"modified":"2026-02-12T08:39:45","modified_gmt":"2026-02-12T08:39:45","slug":"kita","status":"publish","type":"product","link":"https:\/\/www.00261.fr\/?product=kita","title":{"rendered":"Kita Imra"},"content":{"rendered":"<p>Kita<\/p>\n<p>Propri\u00e9t\u00e9 : extrait d&rsquo;une plante qui sert de base \u00e0 de nombreux m\u00e9dicaments utilis\u00e9es dans le monde contre l&rsquo;hypertension art\u00e9rielle, la leuc\u00e9mie, certaines formes de cancer<\/p>\n<p>Poudre sachet de :<\/p>\n<p>Poudre de Catharantus roseus<\/p>\n<p>Extrait de Passiflora incarnata<\/p>\n<p>Indications :<\/p>\n<p>Hypertensions art\u00e9rielles (nombreux alcalo\u00efdes contenus dans la plante en particulier la rubasine qui abaisse la tension art\u00e9rielle, facilite la circulation c\u00e9r\u00e9brale. Kita assouplit les vaisseaux par d&rsquo;autres alcalo\u00efdes qui se transforment en vaincamine)<\/p>\n<p>Il peut dans certains cas retarder l&rsquo;\u00e9volution de la leuc\u00e9mie ou certaines formes de tumeurs gr\u00e2ces la vincablastine.<\/p>\n<p>Posologie et mode d&#8217;emploi:<br \/>\nFaire bouillir 1 cuill\u00e8re \u00e0 caf\u00e9 de la poudre dans une tasse d&rsquo;eau pendant 10 mn. Sucrer et boire apr\u00e8s avoir bien remu\u00e9.<\/p>\n<p>&nbsp;<\/p>\n<p>&nbsp;<\/p>\n<p>Posologie et mode d&#8217;emploi<\/p>\n<p>Prendre 3 fois par jour avant chaque repas.<\/p>\n<p>Contre indication<\/p>\n<p>Hypotension art\u00e9rielle.<\/p>\n<p>Mise en garde et pr\u00e9caution d&#8217;emploi<\/p>\n<p>Contr\u00f4le r\u00e9gulier de la tension art\u00e9rielle<\/p>\n<p>Conditions particuli\u00e8re de conservation<\/p>\n<p>A l&rsquo;abri de l&rsquo;humidit\u00e9.<\/p>\n","protected":false},"excerpt":{"rendered":"<p>Kita<br \/>\nFabricant : IMRA<br \/>\nOrigine : Madagascar<br \/>\nvendeur : SEDIEM<\/p>\n","protected":false},"featured_media":1224,"comment_status":"closed","ping_status":"closed","template":"","meta":{"_seopress_robots_primary_cat":"none","_seopress_titles_title":"","_seopress_titles_desc":"","_seopress_robots_index":""},"product_brand":[],"product_cat":[57],"product_tag":[],"class_list":{"0":"post-1231","1":"product","2":"type-product","3":"status-publish","4":"has-post-thumbnail","6":"product_cat-complements-alimentaires","8":"first","9":"instock","10":"taxable","11":"shipping-taxable","12":"purchasable","13":"product-type-simple","14":"add-to-wishlist-after_add_to_cart"},"jetpack_sharing_enabled":true,"_links":{"self":[{"href":"https:\/\/www.00261.fr\/index.php?rest_route=\/wp\/v2\/product\/1231","targetHints":{"allow":["GET"]}}],"collection":[{"href":"https:\/\/www.00261.fr\/index.php?rest_route=\/wp\/v2\/product"}],"about":[{"href":"https:\/\/www.00261.fr\/index.php?rest_route=\/wp\/v2\/types\/product"}],"replies":[{"embeddable":true,"href":"https:\/\/www.00261.fr\/index.php?rest_route=%2Fwp%2Fv2%2Fcomments&post=1231"}],"wp:featuredmedia":[{"embeddable":true,"href":"https:\/\/www.00261.fr\/index.php?rest_route=\/wp\/v2\/media\/1224"}],"wp:attachment":[{"href":"https:\/\/www.00261.fr\/index.php?rest_route=%2Fwp%2Fv2%2Fmedia&parent=1231"}],"wp:term":[{"taxonomy":"product_brand","embeddable":true,"href":"https:\/\/www.00261.fr\/index.php?rest_route=%2Fwp%2Fv2%2Fproduct_brand&post=1231"},{"taxonomy":"product_cat","embeddable":true,"href":"https:\/\/www.00261.fr\/index.php?rest_route=%2Fwp%2Fv2%2Fproduct_cat&post=1231"},{"taxonomy":"product_tag","embeddable":true,"href":"https:\/\/www.00261.fr\/index.php?rest_route=%2Fwp%2Fv2%2Fproduct_tag&post=1231"}],"curies":[{"name":"wp","href":"https:\/\/api.w.org\/{rel}","templated":true}]}}