{"id":1202,"date":"2021-02-23T10:44:45","date_gmt":"2021-02-23T10:44:45","guid":{"rendered":"https:\/\/www.00261.fr\/?post_type=product&#038;p=1202"},"modified":"2025-11-14T11:46:17","modified_gmt":"2025-11-14T11:46:17","slug":"gingembre-120-gelules-400-mg","status":"publish","type":"product","link":"https:\/\/www.00261.fr\/?product=gingembre-120-gelules-400-mg","title":{"rendered":"Gingembre (120 g\u00e9lules) 400 mg"},"content":{"rendered":"<p>Composition : 100 % gingembre de Madagascar<\/p>\n<p>Sachet de 120 g\u00e9lules dos\u00e9es \u00e0 400 mg<\/p>\n<p>Utilisation\u00a0: 1\u00a0 g\u00e9lule par jour au cours des\u00a0 avec un grand verre d\u2019eau<\/p>\n<p>&nbsp;<\/p>\n<p>&nbsp;<\/p>\n<p>Bienfaits\u00a0: soutenir la digestion, aide \u00e0 maintenir l\u2019immunit\u00e9.<\/p>\n<p>Condition d\u2019utilisation: Compl\u00e9ment alimentaire, ne peut \u00eatre substitu\u00e9 \u00e0 un r\u00e9gime alimentaire vari\u00e9 et \u00e9quilibr\u00e9.<\/p>\n<p>&nbsp;<\/p>\n<p>Condition d\u2019utilisation: Compl\u00e9ment alimentaire, ne peut \u00eatre substitu\u00e9 \u00e0 un r\u00e9gime alimentaire vari\u00e9 et \u00e9quilibr\u00e9.<\/p>\n<p>vendeur : SEDIEM<\/p>\n","protected":false},"excerpt":{"rendered":"<p>Gingembre (120 g\u00e9lules) 400mg<\/p>\n","protected":false},"featured_media":2615,"comment_status":"closed","ping_status":"closed","template":"","meta":{"_seopress_robots_primary_cat":"none","_seopress_titles_title":"","_seopress_titles_desc":"","_seopress_robots_index":""},"product_brand":[],"product_cat":[57,99],"product_tag":[],"class_list":{"0":"post-1202","1":"product","2":"type-product","3":"status-publish","4":"has-post-thumbnail","6":"product_cat-complements-alimentaires","7":"product_cat-gelule","9":"first","10":"instock","11":"taxable","12":"shipping-taxable","13":"purchasable","14":"product-type-simple","15":"add-to-wishlist-after_add_to_cart"},"jetpack_sharing_enabled":true,"_links":{"self":[{"href":"https:\/\/www.00261.fr\/index.php?rest_route=\/wp\/v2\/product\/1202","targetHints":{"allow":["GET"]}}],"collection":[{"href":"https:\/\/www.00261.fr\/index.php?rest_route=\/wp\/v2\/product"}],"about":[{"href":"https:\/\/www.00261.fr\/index.php?rest_route=\/wp\/v2\/types\/product"}],"replies":[{"embeddable":true,"href":"https:\/\/www.00261.fr\/index.php?rest_route=%2Fwp%2Fv2%2Fcomments&post=1202"}],"wp:featuredmedia":[{"embeddable":true,"href":"https:\/\/www.00261.fr\/index.php?rest_route=\/wp\/v2\/media\/2615"}],"wp:attachment":[{"href":"https:\/\/www.00261.fr\/index.php?rest_route=%2Fwp%2Fv2%2Fmedia&parent=1202"}],"wp:term":[{"taxonomy":"product_brand","embeddable":true,"href":"https:\/\/www.00261.fr\/index.php?rest_route=%2Fwp%2Fv2%2Fproduct_brand&post=1202"},{"taxonomy":"product_cat","embeddable":true,"href":"https:\/\/www.00261.fr\/index.php?rest_route=%2Fwp%2Fv2%2Fproduct_cat&post=1202"},{"taxonomy":"product_tag","embeddable":true,"href":"https:\/\/www.00261.fr\/index.php?rest_route=%2Fwp%2Fv2%2Fproduct_tag&post=1202"}],"curies":[{"name":"wp","href":"https:\/\/api.w.org\/{rel}","templated":true}]}}