{"id":1197,"date":"2021-02-23T09:29:23","date_gmt":"2021-02-23T09:29:23","guid":{"rendered":"https:\/\/www.00261.fr\/?post_type=product&#038;p=1197"},"modified":"2025-11-05T17:55:03","modified_gmt":"2025-11-05T17:55:03","slug":"cannelle-120-gelules-400-mg","status":"publish","type":"product","link":"https:\/\/www.00261.fr\/?product=cannelle-120-gelules-400-mg","title":{"rendered":"G\u00e9lules Cannelle (120 g\u00e9lules) 400 mg"},"content":{"rendered":"<p>Composition : 100 % Cannelle de Madagascar<\/p>\n<p>Sachet de 120 g\u00e9lules dos\u00e9es \u00e0 400 mg<\/p>\n<p>Utilisation :\u00a0 2 g\u00e9lules par jour entre les repas avec un verre d\u2019eau.<\/p>\n<p>&nbsp;<\/p>\n<p>Bienfaits\u00a0: tonifiant, augmenter les capacit\u00e9s mentales et physiques, renforcer l\u2019organisme \u00e0 rester contre la fatigue mentale et physique, soutient le c\u0153ur et la circulation, aide \u00e0 purifier le sang maintenir un niveau sain de sucre dans le sang \u00e0 conserver un taux normal de glucose, antioxydant<\/p>\n<p>vendeur : SEDIEM<\/p>\n","protected":false},"excerpt":{"rendered":"<p>Cannelle (120 g\u00e9lules) 400 mg<\/p>\n","protected":false},"featured_media":2617,"comment_status":"closed","ping_status":"closed","template":"","meta":{"_seopress_robots_primary_cat":"none","_seopress_titles_title":"","_seopress_titles_desc":"","_seopress_robots_index":""},"product_brand":[],"product_cat":[57,99],"product_tag":[],"class_list":{"0":"post-1197","1":"product","2":"type-product","3":"status-publish","4":"has-post-thumbnail","6":"product_cat-complements-alimentaires","7":"product_cat-gelule","9":"first","10":"instock","11":"taxable","12":"shipping-taxable","13":"purchasable","14":"product-type-simple","15":"add-to-wishlist-after_add_to_cart"},"jetpack_sharing_enabled":true,"_links":{"self":[{"href":"https:\/\/www.00261.fr\/index.php?rest_route=\/wp\/v2\/product\/1197","targetHints":{"allow":["GET"]}}],"collection":[{"href":"https:\/\/www.00261.fr\/index.php?rest_route=\/wp\/v2\/product"}],"about":[{"href":"https:\/\/www.00261.fr\/index.php?rest_route=\/wp\/v2\/types\/product"}],"replies":[{"embeddable":true,"href":"https:\/\/www.00261.fr\/index.php?rest_route=%2Fwp%2Fv2%2Fcomments&post=1197"}],"wp:featuredmedia":[{"embeddable":true,"href":"https:\/\/www.00261.fr\/index.php?rest_route=\/wp\/v2\/media\/2617"}],"wp:attachment":[{"href":"https:\/\/www.00261.fr\/index.php?rest_route=%2Fwp%2Fv2%2Fmedia&parent=1197"}],"wp:term":[{"taxonomy":"product_brand","embeddable":true,"href":"https:\/\/www.00261.fr\/index.php?rest_route=%2Fwp%2Fv2%2Fproduct_brand&post=1197"},{"taxonomy":"product_cat","embeddable":true,"href":"https:\/\/www.00261.fr\/index.php?rest_route=%2Fwp%2Fv2%2Fproduct_cat&post=1197"},{"taxonomy":"product_tag","embeddable":true,"href":"https:\/\/www.00261.fr\/index.php?rest_route=%2Fwp%2Fv2%2Fproduct_tag&post=1197"}],"curies":[{"name":"wp","href":"https:\/\/api.w.org\/{rel}","templated":true}]}}