{"id":1170,"date":"2021-02-18T10:02:34","date_gmt":"2021-02-18T10:02:34","guid":{"rendered":"https:\/\/www.00261.fr\/?post_type=product&#038;p=1170"},"modified":"2026-02-26T11:32:17","modified_gmt":"2026-02-26T11:32:17","slug":"creme-aloe","status":"publish","type":"product","link":"https:\/\/www.00261.fr\/?product=creme-aloe","title":{"rendered":"Cr\u00e8me anti-imperfections"},"content":{"rendered":"<p>Cr\u00e8me anti-imperfections\u00a0 r\u00e9duit et pr\u00e9vient\u00a0 l&rsquo;apparence de toutes les imperfections cutan\u00e9es visibles , telles que les ridules les rides , boutons , les marques d&rsquo;acn\u00e9 , les com\u00e9dons , les pores dilat\u00e9s ,\u00a0 les boutons\u00a0 .<\/p>\n<p>Conseill\u00e9e pour tous types de peaux.<\/p>\n<p>fabricant : Hom\u00e9opharma<\/p>\n<p>Vendeur : SEDIEM<\/p>\n","protected":false},"excerpt":{"rendered":"<p>Cr\u00e8me anti-imperfections\u00a0 r\u00e9duit et pr\u00e9vient\u00a0 l&rsquo;apparence de toutes les imperfections cutan\u00e9es visibles , telles que les ridules les rides , boutons , les marques d&rsquo;acn\u00e9 , les com\u00e9dons , les pores dilat\u00e9s ,\u00a0 les boutons\u00a0 .<\/p>\n<p>Conseill\u00e9e pour tous types de peaux.<\/p>\n<p>fabricant : Hom\u00e9opharma<\/p>\n<p>Vendeur : SEDIEM<\/p>\n","protected":false},"featured_media":3316,"comment_status":"closed","ping_status":"closed","template":"","meta":{"_seopress_robots_primary_cat":"none","_seopress_titles_title":"","_seopress_titles_desc":"","_seopress_robots_index":""},"product_brand":[],"product_cat":[58],"product_tag":[],"class_list":{"0":"post-1170","1":"product","2":"type-product","3":"status-publish","4":"has-post-thumbnail","6":"product_cat-cosmetique","8":"first","9":"instock","10":"taxable","11":"shipping-taxable","12":"purchasable","13":"product-type-simple","14":"add-to-wishlist-after_add_to_cart"},"jetpack_sharing_enabled":true,"_links":{"self":[{"href":"https:\/\/www.00261.fr\/index.php?rest_route=\/wp\/v2\/product\/1170","targetHints":{"allow":["GET"]}}],"collection":[{"href":"https:\/\/www.00261.fr\/index.php?rest_route=\/wp\/v2\/product"}],"about":[{"href":"https:\/\/www.00261.fr\/index.php?rest_route=\/wp\/v2\/types\/product"}],"replies":[{"embeddable":true,"href":"https:\/\/www.00261.fr\/index.php?rest_route=%2Fwp%2Fv2%2Fcomments&post=1170"}],"wp:featuredmedia":[{"embeddable":true,"href":"https:\/\/www.00261.fr\/index.php?rest_route=\/wp\/v2\/media\/3316"}],"wp:attachment":[{"href":"https:\/\/www.00261.fr\/index.php?rest_route=%2Fwp%2Fv2%2Fmedia&parent=1170"}],"wp:term":[{"taxonomy":"product_brand","embeddable":true,"href":"https:\/\/www.00261.fr\/index.php?rest_route=%2Fwp%2Fv2%2Fproduct_brand&post=1170"},{"taxonomy":"product_cat","embeddable":true,"href":"https:\/\/www.00261.fr\/index.php?rest_route=%2Fwp%2Fv2%2Fproduct_cat&post=1170"},{"taxonomy":"product_tag","embeddable":true,"href":"https:\/\/www.00261.fr\/index.php?rest_route=%2Fwp%2Fv2%2Fproduct_tag&post=1170"}],"curies":[{"name":"wp","href":"https:\/\/api.w.org\/{rel}","templated":true}]}}