{"id":1131,"date":"2021-02-11T12:45:22","date_gmt":"2021-02-11T12:45:22","guid":{"rendered":"https:\/\/www.00261.fr\/?post_type=product&#038;p=1131"},"modified":"2024-05-07T07:10:47","modified_gmt":"2024-05-07T07:10:47","slug":"acnelat-detox","status":"publish","type":"product","link":"https:\/\/www.00261.fr\/?product=acnelat-detox","title":{"rendered":"Acn\u00e9lat D\u00e9tox"},"content":{"rendered":"<div class=\"clearfix\">\n<div class=\"summary entry-summary\">\n<div class=\"woocommerce-product-details__short-description\">\n<h1 class=\"product_title entry-title\">Acn\u00e9lat d\u00e9tox, solution buvable, flacon de 500 ml<\/h1>\n<p>ses bienfaits pour votre organisme, un r\u00e9el fortifiant \u00e0 base de plantes m\u00e9dicinales de Madagascar<\/p>\n<\/div>\n<\/div>\n<\/div>\n<div class=\"woocommerce-tabs wc-tabs-wrapper\">\n<p>Flacon\u00a0 : 500ml<\/p>\n<\/div>\n<p>Fabricant :\u00a0 Laboratoire Masoala<\/p>\n<p>Vendeur : Sediem<\/p>\n","protected":false},"excerpt":{"rendered":"<div class=\"clearfix\">\n<div class=\"summary entry-summary\">\n<div class=\"woocommerce-product-details__short-description\">\n<h1 class=\"product_title entry-title\">Acn\u00e9lat d\u00e9tox, solution buvable, flacon de 500 ml<\/h1>\n<\/div>\n<\/div>\n<\/div>\n<div class=\"woocommerce-tabs wc-tabs-wrapper\">\n<p>&nbsp;<\/p>\n<\/div>\n<p>Fabricant : Homeopharma<br \/>\nVendeur \/distributeur : SEDIEM<br \/>\nOrigine: Madagascar<\/p>\n","protected":false},"featured_media":2619,"comment_status":"closed","ping_status":"closed","template":"","meta":{"_seopress_robots_primary_cat":"none","_seopress_titles_title":"","_seopress_titles_desc":"","_seopress_robots_index":""},"product_brand":[],"product_cat":[57],"product_tag":[],"class_list":{"0":"post-1131","1":"product","2":"type-product","3":"status-publish","4":"has-post-thumbnail","6":"product_cat-complements-alimentaires","8":"first","9":"outofstock","10":"taxable","11":"shipping-taxable","12":"purchasable","13":"product-type-simple","14":"add-to-wishlist-after_add_to_cart"},"jetpack_sharing_enabled":true,"_links":{"self":[{"href":"https:\/\/www.00261.fr\/index.php?rest_route=\/wp\/v2\/product\/1131","targetHints":{"allow":["GET"]}}],"collection":[{"href":"https:\/\/www.00261.fr\/index.php?rest_route=\/wp\/v2\/product"}],"about":[{"href":"https:\/\/www.00261.fr\/index.php?rest_route=\/wp\/v2\/types\/product"}],"replies":[{"embeddable":true,"href":"https:\/\/www.00261.fr\/index.php?rest_route=%2Fwp%2Fv2%2Fcomments&post=1131"}],"wp:featuredmedia":[{"embeddable":true,"href":"https:\/\/www.00261.fr\/index.php?rest_route=\/wp\/v2\/media\/2619"}],"wp:attachment":[{"href":"https:\/\/www.00261.fr\/index.php?rest_route=%2Fwp%2Fv2%2Fmedia&parent=1131"}],"wp:term":[{"taxonomy":"product_brand","embeddable":true,"href":"https:\/\/www.00261.fr\/index.php?rest_route=%2Fwp%2Fv2%2Fproduct_brand&post=1131"},{"taxonomy":"product_cat","embeddable":true,"href":"https:\/\/www.00261.fr\/index.php?rest_route=%2Fwp%2Fv2%2Fproduct_cat&post=1131"},{"taxonomy":"product_tag","embeddable":true,"href":"https:\/\/www.00261.fr\/index.php?rest_route=%2Fwp%2Fv2%2Fproduct_tag&post=1131"}],"curies":[{"name":"wp","href":"https:\/\/api.w.org\/{rel}","templated":true}]}}