{"id":1105,"date":"2021-02-09T20:12:21","date_gmt":"2021-02-09T20:12:21","guid":{"rendered":"https:\/\/www.00261.fr\/?post_type=product&#038;p=1105"},"modified":"2026-03-19T10:26:18","modified_gmt":"2026-03-19T10:26:18","slug":"pommade-phi-imra","status":"publish","type":"product","link":"https:\/\/www.00261.fr\/?product=pommade-phi-imra","title":{"rendered":"Pommade phi Imra"},"content":{"rendered":"<p>Cr\u00e8me antirides<\/p>\n<p>Indications : Pr\u00e9vention et traitement des rides et ridules. Nituion des peaux ternes, dess\u00e9ch\u00e9es, fatigu\u00e9es, abim\u00e9es.<\/p>\n<p>Pr\u00e9cautions de l&#8217;emplois : Le soir apr\u00e8s avoir nettoy\u00e9\u00a0 le visage et le cou avec savon SOA MAVANA, passer la cr\u00e8me en massant l\u00e9g\u00e8rement pour que l&rsquo;absorbtion soit compl\u00e8te et rapide. Laisser agir toute la nuit et rincer \u00e0 l&rsquo;eau le lendemain matin. Une application reguli\u00e8re maintiendra votre peau douce, fra\u00eeche et vive.<\/p>\n<p>&nbsp;<\/p>\n<p>&nbsp;<\/p>\n<p>Fabricant : laboratoire IMRA<\/p>\n<p>Vendeur : SEDIEM<\/p>\n","protected":false},"excerpt":{"rendered":"<p>Pommade phi Imra<\/p>\n","protected":false},"featured_media":1106,"comment_status":"closed","ping_status":"closed","template":"","meta":{"_seopress_robots_primary_cat":"none","_seopress_titles_title":"","_seopress_titles_desc":"","_seopress_robots_index":""},"product_brand":[],"product_cat":[58],"product_tag":[],"class_list":{"0":"post-1105","1":"product","2":"type-product","3":"status-publish","4":"has-post-thumbnail","6":"product_cat-cosmetique","8":"first","9":"instock","10":"taxable","11":"shipping-taxable","12":"purchasable","13":"product-type-simple","14":"add-to-wishlist-after_add_to_cart"},"jetpack_sharing_enabled":true,"_links":{"self":[{"href":"https:\/\/www.00261.fr\/index.php?rest_route=\/wp\/v2\/product\/1105","targetHints":{"allow":["GET"]}}],"collection":[{"href":"https:\/\/www.00261.fr\/index.php?rest_route=\/wp\/v2\/product"}],"about":[{"href":"https:\/\/www.00261.fr\/index.php?rest_route=\/wp\/v2\/types\/product"}],"replies":[{"embeddable":true,"href":"https:\/\/www.00261.fr\/index.php?rest_route=%2Fwp%2Fv2%2Fcomments&post=1105"}],"wp:featuredmedia":[{"embeddable":true,"href":"https:\/\/www.00261.fr\/index.php?rest_route=\/wp\/v2\/media\/1106"}],"wp:attachment":[{"href":"https:\/\/www.00261.fr\/index.php?rest_route=%2Fwp%2Fv2%2Fmedia&parent=1105"}],"wp:term":[{"taxonomy":"product_brand","embeddable":true,"href":"https:\/\/www.00261.fr\/index.php?rest_route=%2Fwp%2Fv2%2Fproduct_brand&post=1105"},{"taxonomy":"product_cat","embeddable":true,"href":"https:\/\/www.00261.fr\/index.php?rest_route=%2Fwp%2Fv2%2Fproduct_cat&post=1105"},{"taxonomy":"product_tag","embeddable":true,"href":"https:\/\/www.00261.fr\/index.php?rest_route=%2Fwp%2Fv2%2Fproduct_tag&post=1105"}],"curies":[{"name":"wp","href":"https:\/\/api.w.org\/{rel}","templated":true}]}}