{"id":1087,"date":"2021-02-04T14:02:07","date_gmt":"2021-02-04T14:02:07","guid":{"rendered":"https:\/\/www.00261.fr\/?post_type=product&#038;p=1087"},"modified":"2025-11-08T18:48:37","modified_gmt":"2025-11-08T18:48:37","slug":"ody-fery-anaty","status":"publish","type":"product","link":"https:\/\/www.00261.fr\/?product=ody-fery-anaty","title":{"rendered":"Ody fery anaty &#8211; Imra"},"content":{"rendered":"<p>Ody fery anaty<\/p>\n<p>Poudre sachet de 30g<\/p>\n<p>&nbsp;<\/p>\n<p>Propri\u00e9t\u00e9s<\/p>\n<p>Passement gastrique -Pansements intestinaux<\/p>\n<p>Composition<\/p>\n<p>Extrait de l&rsquo;estomac et de l&rsquo;intestin<br \/>\nHyperchorhydrie, flatulence, ballonnemeabdominal<\/p>\n<p>Rectorragie au cours des.<\/p>\n<p>Dynsenteries amibiennes<\/p>\n<p>Ankylostomiases<\/p>\n<p>h\u00e9morro\u00efdes.<\/p>\n<p>Indications<\/p>\n<p>Posologie et mode d&#8217;emploi<\/p>\n<p>2 cuiller\u00e9es \u00e0 caf\u00e9 dans 1\/3 verre d&rsquo;eau, un quart d&rsquo;heure avant chaque repas.<\/p>\n<p>Avaler entierement la composition avec le r\u00e9sidu apr\u00e8s avoir bien m\u00e9lang\u00e9.<\/p>\n<p>Mise en garde et pr\u00e9caution d&#8217;emploi.<\/p>\n<p>Manger abondamment des fruits sucr\u00e9s pendant le traitement. Eviter les mati\u00e8res grasses.<\/p>\n<p>Conditions particuli\u00e8re de conservation<\/p>\n<p>Conserver \u00e0 temp\u00e9rature ambiante<\/p>\n","protected":false},"excerpt":{"rendered":"<p>Ody fery anaty<br \/>\nFabricant : IMRA<br \/>\nOrigine : Madagascar<br \/>\nvendeur : SEDIEM<\/p>\n","protected":false},"featured_media":1088,"comment_status":"closed","ping_status":"closed","template":"","meta":{"_seopress_robots_primary_cat":"none","_seopress_titles_title":"","_seopress_titles_desc":"","_seopress_robots_index":""},"product_brand":[],"product_cat":[57],"product_tag":[],"class_list":{"0":"post-1087","1":"product","2":"type-product","3":"status-publish","4":"has-post-thumbnail","6":"product_cat-complements-alimentaires","8":"first","9":"instock","10":"taxable","11":"shipping-taxable","12":"purchasable","13":"product-type-simple","14":"add-to-wishlist-after_add_to_cart"},"jetpack_sharing_enabled":true,"_links":{"self":[{"href":"https:\/\/www.00261.fr\/index.php?rest_route=\/wp\/v2\/product\/1087","targetHints":{"allow":["GET"]}}],"collection":[{"href":"https:\/\/www.00261.fr\/index.php?rest_route=\/wp\/v2\/product"}],"about":[{"href":"https:\/\/www.00261.fr\/index.php?rest_route=\/wp\/v2\/types\/product"}],"replies":[{"embeddable":true,"href":"https:\/\/www.00261.fr\/index.php?rest_route=%2Fwp%2Fv2%2Fcomments&post=1087"}],"wp:featuredmedia":[{"embeddable":true,"href":"https:\/\/www.00261.fr\/index.php?rest_route=\/wp\/v2\/media\/1088"}],"wp:attachment":[{"href":"https:\/\/www.00261.fr\/index.php?rest_route=%2Fwp%2Fv2%2Fmedia&parent=1087"}],"wp:term":[{"taxonomy":"product_brand","embeddable":true,"href":"https:\/\/www.00261.fr\/index.php?rest_route=%2Fwp%2Fv2%2Fproduct_brand&post=1087"},{"taxonomy":"product_cat","embeddable":true,"href":"https:\/\/www.00261.fr\/index.php?rest_route=%2Fwp%2Fv2%2Fproduct_cat&post=1087"},{"taxonomy":"product_tag","embeddable":true,"href":"https:\/\/www.00261.fr\/index.php?rest_route=%2Fwp%2Fv2%2Fproduct_tag&post=1087"}],"curies":[{"name":"wp","href":"https:\/\/api.w.org\/{rel}","templated":true}]}}