{"id":1084,"date":"2021-02-04T13:55:30","date_gmt":"2021-02-04T13:55:30","guid":{"rendered":"https:\/\/www.00261.fr\/?post_type=product&#038;p=1084"},"modified":"2021-12-04T17:34:23","modified_gmt":"2021-12-04T17:34:23","slug":"dzama-15-ans","status":"publish","type":"product","link":"https:\/\/www.00261.fr\/?product=dzama-15-ans","title":{"rendered":"Dzama 15 ans"},"content":{"rendered":"<p>Dzama 15 ans<\/p>\n<p>Dzama 15 ans, l\u2019un de Rhum le plus prestigieux de Madagascar. Coffret avec bois de palissandre, int\u00e9rieur satin rouge royal.<\/p>\n<p>Vielli en f\u00fbt de ch\u00eane, assembl\u00e9 par l\u2019un de grand maitre de la compagnie vidzar un savoir faire incontest\u00e9. Sans oubli\u00e9 la potion magique de Madagascar\u00a0 issue d\u2019ylang-ylang, giroflier, poivrier et la vanille\u2026<\/p>\n<p>Origine : Madagascar<br \/>\nL&rsquo;abus d&rsquo;alcool est un danger pour la sant\u00e9, buvez avec mod\u00e9ration.<br \/>\nVente interdite aux moins de 18 ans.<\/p>\n<p>&nbsp;<\/p>\n<p>&nbsp;<\/p>\n<div data-pane-id=\"1\"><\/div>\n","protected":false},"excerpt":{"rendered":"<p>Dzama 15 ans<br \/>\nOrigine : Madagascar<\/p>\n","protected":false},"featured_media":1092,"comment_status":"closed","ping_status":"closed","template":"","meta":{"_seopress_robots_primary_cat":"none","_seopress_titles_title":"","_seopress_titles_desc":"","_seopress_robots_index":""},"product_brand":[],"product_cat":[98],"product_tag":[],"class_list":{"0":"post-1084","1":"product","2":"type-product","3":"status-publish","4":"has-post-thumbnail","6":"product_cat-boissons-alcooliques","8":"first","9":"outofstock","10":"featured","11":"taxable","12":"shipping-taxable","13":"purchasable","14":"product-type-simple","15":"add-to-wishlist-after_add_to_cart"},"jetpack_sharing_enabled":true,"_links":{"self":[{"href":"https:\/\/www.00261.fr\/index.php?rest_route=\/wp\/v2\/product\/1084","targetHints":{"allow":["GET"]}}],"collection":[{"href":"https:\/\/www.00261.fr\/index.php?rest_route=\/wp\/v2\/product"}],"about":[{"href":"https:\/\/www.00261.fr\/index.php?rest_route=\/wp\/v2\/types\/product"}],"replies":[{"embeddable":true,"href":"https:\/\/www.00261.fr\/index.php?rest_route=%2Fwp%2Fv2%2Fcomments&post=1084"}],"wp:featuredmedia":[{"embeddable":true,"href":"https:\/\/www.00261.fr\/index.php?rest_route=\/wp\/v2\/media\/1092"}],"wp:attachment":[{"href":"https:\/\/www.00261.fr\/index.php?rest_route=%2Fwp%2Fv2%2Fmedia&parent=1084"}],"wp:term":[{"taxonomy":"product_brand","embeddable":true,"href":"https:\/\/www.00261.fr\/index.php?rest_route=%2Fwp%2Fv2%2Fproduct_brand&post=1084"},{"taxonomy":"product_cat","embeddable":true,"href":"https:\/\/www.00261.fr\/index.php?rest_route=%2Fwp%2Fv2%2Fproduct_cat&post=1084"},{"taxonomy":"product_tag","embeddable":true,"href":"https:\/\/www.00261.fr\/index.php?rest_route=%2Fwp%2Fv2%2Fproduct_tag&post=1084"}],"curies":[{"name":"wp","href":"https:\/\/api.w.org\/{rel}","templated":true}]}}