{"id":637,"date":"2021-01-03T11:47:30","date_gmt":"2021-01-03T11:47:30","guid":{"rendered":"https:\/\/www.00261.fr\/?page_id=637"},"modified":"2022-01-05T02:54:28","modified_gmt":"2022-01-05T02:54:28","slug":"remarque-sur-la-confidentialite","status":"publish","type":"page","link":"https:\/\/www.00261.fr\/?page_id=637","title":{"rendered":"Remarque sur la confidentialit\u00e9"},"content":{"rendered":"<p>Remarque sur la confidentialit\u00e9<br \/>\nS\u00e9curit\u00e9 des donn\u00e9es<br \/>\nResponsabilit\u00e9 du contenu<br \/>\nLe contenu du site a \u00e9t\u00e9 cr\u00e9e avec beaucoup de soin. En tant que prestataire de service, nous sommes responsables pour le propre contenu de ce site (en vertu la loi en vigueur). Nous ne pouvons \u00eatre tenu pour responsable des \u00e9ventuelles erreurs ou omissions concernant les informations diffus\u00e9es sur ce site, des cons\u00e9quences de leur utilisation, ni de probl\u00e8mes techniques rencontr\u00e9s sur le site. Nous d\u00e9clinons toute responsabilit\u00e9 pour tous dommages directs ou indirects, de quelque nature et pour quelque cause ou origine que ce soit, provoqu\u00e9s \u00e0 raison de l\u2019acc\u00e8s de quiconque au site, sans s\u2019appliquer sur notre devoir de supprimer ou de bloquer l\u2019utilisation des informations en vertu de la loi g\u00e9n\u00e9rale. Notre responsabilit\u00e9 ne commence qu\u2019apr\u00e8s avoir pris connaissance d\u2019une infraction sp\u00e9cifique. D\u00e8s la notification de l\u2019infraction, nous \u00e9liminerons imm\u00e9diatement les contenus.<br \/>\nResponsabilit\u00e9 des liens<br \/>\nNotre site contient des liens vers des sites ext\u00e9rieurs sur lesquels nous n\u2019avons aucune influence. Part cons\u00e9quent, nous ne sommes pas responsables pour les contenus \u00e9trangers. L\u2019exploitant du lien est toujours responsable pour son contenu. Les sites li\u00e9s ont \u00e9t\u00e9 contr\u00f4l\u00e9s concernant la violation des droits, sans aucune violation pr\u00e9sum\u00e9e. Sans indice concret, un contr\u00f4le permanent des liens n\u2019est pas raisonnable. D\u00e8s notification d\u2019une violation des droits, nous allons supprimer ces liens imm\u00e9diatement.<br \/>\nLe droit d\u2019auteur<br \/>\nLes contenus fournis sur ces pages sont soumis au droit d\u2019auteur Malgache. Tous les \u00e9l\u00e9ments de ce site sont la propri\u00e9t\u00e9 de leur auteur ou du cr\u00e9ateur. Toute reproduction, repr\u00e9sentation, adaptation ou diffusion des \u00e9l\u00e9ments du site est interdite, sauf usage strictement priv\u00e9. Pour autant que le contenu de ce site n\u2019est pas cr\u00e9\u00e9 de l\u2019exploitant, les droits d\u2019auteur de tiers seront respect\u00e9s. Ceux-ci seront marqu\u00e9s. Si vous avez connaissance d\u2019une violation de copyright, nous vous prions de bien vouloir nous informer. D\u00e8s notification d\u2019une violation, nous allons supprimer le contenu imm\u00e9diatement.<br \/>\nConfidentialit\u00e9<br \/>\nL\u2019utilisation de notre site Web est g\u00e9n\u00e9ralement possible sans sp\u00e9cification de renseignements personnels. Les donn\u00e9es \u00e0 caract\u00e8re personnel (par exemple nom, adresse ou e-mail) nous sont transmises \u00e0 titre volontaire. Sans votre consentement nous ne les passeront \u00e0 aucun tier. Nous rappelons que la transmission de donn\u00e9es sur internet (par exemple la communication de e-mail) peut contenir des vuln\u00e9rabilit\u00e9s. Une protection compl\u00e8te des donn\u00e9es contre tout acc\u00e8s non autoris\u00e9 n\u2019est pas possible. Nous rejetons express\u00e9ment, dans les mentions l\u00e9gales, l\u2019utilisation des donn\u00e9es publiques pour l\u2019envoi de publicit\u00e9s ou d\u2019informations non sollicit\u00e9es . Les gestionnaires du site se r\u00e9servent le droit de poursuite en cas de publicit\u00e9s non sollicit\u00e9es, telles les spam e-mail.<\/p>\n","protected":false},"excerpt":{"rendered":"<p>Remarque sur la confidentialit\u00e9 S\u00e9curit\u00e9 des donn\u00e9es Responsabilit\u00e9 du contenu Le contenu du site a \u00e9t\u00e9 cr\u00e9e avec beaucoup de soin. En tant que prestataire de service, nous sommes responsables pour le propre contenu de ce site (en vertu la loi en vigueur). Nous ne pouvons \u00eatre tenu pour responsable des \u00e9ventuelles erreurs ou omissions [&hellip;]<\/p>\n","protected":false},"author":1,"featured_media":0,"parent":203,"menu_order":0,"comment_status":"closed","ping_status":"closed","template":"","meta":{"_seopress_robots_primary_cat":"","_seopress_titles_title":"","_seopress_titles_desc":"","_seopress_robots_index":"","footnotes":""},"class_list":["post-637","page","type-page","status-publish","hentry"],"jetpack_sharing_enabled":true,"_links":{"self":[{"href":"https:\/\/www.00261.fr\/index.php?rest_route=\/wp\/v2\/pages\/637","targetHints":{"allow":["GET"]}}],"collection":[{"href":"https:\/\/www.00261.fr\/index.php?rest_route=\/wp\/v2\/pages"}],"about":[{"href":"https:\/\/www.00261.fr\/index.php?rest_route=\/wp\/v2\/types\/page"}],"author":[{"embeddable":true,"href":"https:\/\/www.00261.fr\/index.php?rest_route=\/wp\/v2\/users\/1"}],"replies":[{"embeddable":true,"href":"https:\/\/www.00261.fr\/index.php?rest_route=%2Fwp%2Fv2%2Fcomments&post=637"}],"version-history":[{"count":3,"href":"https:\/\/www.00261.fr\/index.php?rest_route=\/wp\/v2\/pages\/637\/revisions"}],"predecessor-version":[{"id":2555,"href":"https:\/\/www.00261.fr\/index.php?rest_route=\/wp\/v2\/pages\/637\/revisions\/2555"}],"up":[{"embeddable":true,"href":"https:\/\/www.00261.fr\/index.php?rest_route=\/wp\/v2\/pages\/203"}],"wp:attachment":[{"href":"https:\/\/www.00261.fr\/index.php?rest_route=%2Fwp%2Fv2%2Fmedia&parent=637"}],"curies":[{"name":"wp","href":"https:\/\/api.w.org\/{rel}","templated":true}]}}