{"id":634,"date":"2021-01-03T10:57:46","date_gmt":"2021-01-03T10:57:46","guid":{"rendered":"https:\/\/www.00261.fr\/?page_id=634"},"modified":"2025-12-02T00:55:38","modified_gmt":"2025-12-02T00:55:38","slug":"condition-generale-de-vente","status":"publish","type":"page","link":"https:\/\/www.00261.fr\/?page_id=634","title":{"rendered":"Conditions G\u00e9n\u00e9rales de Vente"},"content":{"rendered":"<p>Conditions d&rsquo;utilisation<br \/>\nCONDITION GENERALE DE VENTE<br \/>\nClause n\u00b0 1 : Objet<br \/>\nLes conditions g\u00e9n\u00e9rales de vente d\u00e9crites ci-apr\u00e8s d\u00e9taillent les droits et obligations de la soci\u00e9t\u00e9 SEDIEM et de son client dans le cadre de la vente des marchandises directe et en ligne sur le site marchant www.00261.fr suivantes : Toutes marchandises propos\u00e9es par la soci\u00e9t\u00e9 SEDIEM sont soumises \u00e0 la pr\u00e9sente condition g\u00e9n\u00e9rale de vente. Toute prestation accomplie par la soci\u00e9t\u00e9 SEDIEM implique donc l&rsquo;adh\u00e9sion sans r\u00e9serve de l&rsquo;acheteur aux pr\u00e9sentes conditions g\u00e9n\u00e9rales de vente.<br \/>\nClause n\u00b0 2 : Prix<br \/>\nLes prix des marchandises vendues sont ceux en vigueur au jour de la prise de commande. Ils sont libell\u00e9s en euros et calcul\u00e9s hors taxes. Par voie de cons\u00e9quence, ils seront major\u00e9s du taux de TVA et des frais de transport applicables au jour de la commande. La soci\u00e9t\u00e9 SEDIEM s&rsquo;accorde le droit de modifier ses tarifs \u00e0 tout moment. Toutefois, elle s&rsquo;engage \u00e0 facturer les marchandises command\u00e9es aux prix indiqu\u00e9s lors de l&rsquo;enregistrement de la commande.<br \/>\nClause n\u00b0 3 : Rabais et ristournes<br \/>\nLes tarifs propos\u00e9s comprennent les rabais et ristournes que la soci\u00e9t\u00e9 SEDIEM serait amen\u00e9e \u00e0 octroyer compte tenu de ses r\u00e9sultats ou de la prise en charge par l&rsquo;acheteur de certaines prestations.<br \/>\nClause n\u00b0 4 : Escompte<br \/>\nAucun escompte ne sera consenti en cas de paiement anticip\u00e9.<br \/>\nClause n\u00b0 5 : Modalit\u00e9s de paiement<br \/>\nLe r\u00e8glement des commandes s&rsquo;effectue :<\/p>\n<p>soit par ch\u00e8que ;<br \/>\nsoit par carte bancaire ;<br \/>\nsoit par virement<\/p>\n<p>le cas \u00e9ch\u00e9ant, indiquer les autres moyens de paiement accept\u00e9s. Lors de l&rsquo;enregistrement de la commande, l&rsquo;acheteur devra payer en totalit\u00e9 la marchandise. Toute marchandise command\u00e9e sans pay\u00e9e en totalit\u00e9 reste \u00e0 la propri\u00e9t\u00e9 de SEDIEM.<br \/>\nClause n\u00b0 6 : Clause r\u00e9solutoire<br \/>\nSi dans les quinze jours qui suivent la mise en oeuvre de la clause \u00a0\u00bb Retard de paiement \u00ab\u00a0, l&rsquo;acheteur ne s&rsquo;est pas acquitt\u00e9 des sommes restant dues, la vente sera r\u00e9solue de plein droit et pourra ouvrir droit \u00e0 l&rsquo;allocation de dommages et int\u00e9r\u00eats au profit de la soci\u00e9t\u00e9 SEDIEM<br \/>\nClause n\u00b0 7 : Clause de r\u00e9serve de propri\u00e9t\u00e9<br \/>\nLa soci\u00e9t\u00e9 Mvm finance conserve la propri\u00e9t\u00e9 des biens vendus jusqu&rsquo;au paiement int\u00e9gral du prix, en principal et en accessoires. \u00c0 ce titre, si l&rsquo;acheteur fait l&rsquo;objet d&rsquo;un redressement ou d&rsquo;une liquidation judiciaire, la soci\u00e9t\u00e9 SEDIEM se r\u00e9serve le droit de revendiquer, dans le cadre de la proc\u00e9dure collective, les marchandises vendues et rest\u00e9es impay\u00e9es.<br \/>\nClause n\u00b0 8 : Livraison<br \/>\nLa livraison est effectu\u00e9e :<\/p>\n<p>soit par la remise directe de la marchandise \u00e0 l&rsquo;acheteur ;<br \/>\nsoit par l&rsquo;envoi d&rsquo;un avis de mise \u00e0 disposition en magasin \u00e0 l&rsquo;attention de l&rsquo;acheteur ;<br \/>\nsoit au lieu indiqu\u00e9 par l&rsquo;acheteur sur le bon de commande.<\/p>\n<p>Le d\u00e9lai de livraison indiqu\u00e9 lors de l&rsquo;enregistrement de la commande n&rsquo;est donn\u00e9 qu&rsquo;\u00e0 titre indicatif et n&rsquo;est aucunement garanti. Par voie de cons\u00e9quence, tout retard raisonnable dans la livraison des produits ne pourra pas donner lieu au profit de l&rsquo;acheteur \u00e0 :<\/p>\n<p>l&rsquo;allocation de dommages et int\u00e9r\u00eats ;<br \/>\nl&rsquo;annulation de la commande.<\/p>\n<p>Le risque du transport est support\u00e9 en totalit\u00e9 par l&rsquo;acheteur. En cas de marchandises manquantes ou d\u00e9t\u00e9rior\u00e9es lors du transport, l&rsquo;acheteur devra formuler toutes les r\u00e9serves n\u00e9cessaires sur le bon de commande \u00e0 r\u00e9ception desdites marchandises. Ces r\u00e9serves devront \u00eatre, en outre, confirm\u00e9es par \u00e9crit dans les cinq jours suivant la livraison, par courrier recommand\u00e9 AR.<br \/>\nClause n\u00b0 9 : Force majeure<br \/>\nLa responsabilit\u00e9 de la soci\u00e9t\u00e9 SEDIEM ne pourra pas \u00eatre mise en oeuvre si la non-ex\u00e9cution ou le retard dans l&rsquo;ex\u00e9cution de l&rsquo;une de ses obligations d\u00e9crites dans les pr\u00e9sentes conditions g\u00e9n\u00e9rales de vente d\u00e9coule d&rsquo;un cas de force majeure. \u00c0 ce titre, la force majeure s&rsquo;entend de tout \u00e9v\u00e9nement ext\u00e9rieur, impr\u00e9visible et irr\u00e9sistible au sens de l&rsquo;article 1148 du Code civil.<br \/>\nClause n\u00b0 10 : Tribunal comp\u00e9tent<br \/>\nTout litige relatif \u00e0 l&rsquo;interpr\u00e9tation et \u00e0 l&rsquo;ex\u00e9cution des pr\u00e9sentes conditions g\u00e9n\u00e9rales de vente est soumis au droit fran\u00e7ais. \u00c0 d\u00e9faut de r\u00e9solution amiable, le litige sera port\u00e9 devant le Tribunal de commerce d&rsquo;Antananarivo.<br \/>\nMENTION LEGALE<\/p>\n<p>Ce site est \u00e9dit\u00e9 par : Woocommerce<\/p>\n<p>Pour la soci\u00e9t\u00e9 SARL SEDIEM<br \/>\n\u2022<\/p>\n<div class=\"block footer-widget-3\">\n<div id=\"text-7\" class=\"widget widget_text\">\n<div class=\"textwidget\">\n<p>Pr\u00e9s lot 1130 C 37 Sahalombo<\/p>\n<p>Antsirabe Madagascar<\/p>\n<p>Nif : 3001492400<\/p>\n<p>stat : 01611 12 2017 1 0078<\/p>\n<p>contact : 00261320763280<\/p>\n<\/div>\n<\/div>\n<\/div>\n","protected":false},"excerpt":{"rendered":"<p>Conditions d&rsquo;utilisation CONDITION GENERALE DE VENTE Clause n\u00b0 1 : Objet Les conditions g\u00e9n\u00e9rales de vente d\u00e9crites ci-apr\u00e8s d\u00e9taillent les droits et obligations de la soci\u00e9t\u00e9 SEDIEM et de son client dans le cadre de la vente des marchandises directe et en ligne sur le site marchant www.00261.fr suivantes : Toutes marchandises propos\u00e9es par la [&hellip;]<\/p>\n","protected":false},"author":1,"featured_media":0,"parent":0,"menu_order":0,"comment_status":"closed","ping_status":"closed","template":"","meta":{"_seopress_robots_primary_cat":"","_seopress_titles_title":"","_seopress_titles_desc":"","_seopress_robots_index":"","footnotes":""},"class_list":["post-634","page","type-page","status-publish","hentry"],"jetpack_sharing_enabled":true,"_links":{"self":[{"href":"https:\/\/www.00261.fr\/index.php?rest_route=\/wp\/v2\/pages\/634","targetHints":{"allow":["GET"]}}],"collection":[{"href":"https:\/\/www.00261.fr\/index.php?rest_route=\/wp\/v2\/pages"}],"about":[{"href":"https:\/\/www.00261.fr\/index.php?rest_route=\/wp\/v2\/types\/page"}],"author":[{"embeddable":true,"href":"https:\/\/www.00261.fr\/index.php?rest_route=\/wp\/v2\/users\/1"}],"replies":[{"embeddable":true,"href":"https:\/\/www.00261.fr\/index.php?rest_route=%2Fwp%2Fv2%2Fcomments&post=634"}],"version-history":[{"count":5,"href":"https:\/\/www.00261.fr\/index.php?rest_route=\/wp\/v2\/pages\/634\/revisions"}],"predecessor-version":[{"id":3900,"href":"https:\/\/www.00261.fr\/index.php?rest_route=\/wp\/v2\/pages\/634\/revisions\/3900"}],"wp:attachment":[{"href":"https:\/\/www.00261.fr\/index.php?rest_route=%2Fwp%2Fv2%2Fmedia&parent=634"}],"curies":[{"name":"wp","href":"https:\/\/api.w.org\/{rel}","templated":true}]}}