{"id":203,"date":"2020-10-26T14:26:24","date_gmt":"2020-10-26T14:26:24","guid":{"rendered":"https:\/\/www.00261.fr\/?page_id=203"},"modified":"2025-12-02T01:21:26","modified_gmt":"2025-12-02T01:21:26","slug":"accueil","status":"publish","type":"page","link":"https:\/\/www.00261.fr\/?page_id=203","title":{"rendered":"Home"},"content":{"rendered":"\t\t<div data-elementor-type=\"wp-page\" data-elementor-id=\"203\" class=\"elementor elementor-203\">\n\t\t\t\t\t\t<section class=\"elementor-section elementor-top-section elementor-element elementor-element-f1ccb97 elementor-section-boxed elementor-section-height-default elementor-section-height-default\" data-id=\"f1ccb97\" data-element_type=\"section\">\n\t\t\t\t\t\t<div class=\"elementor-container elementor-column-gap-default\">\n\t\t\t\t\t<div class=\"elementor-column elementor-col-100 elementor-top-column elementor-element elementor-element-d98b94a\" data-id=\"d98b94a\" data-element_type=\"column\">\n\t\t\t<div class=\"elementor-widget-wrap elementor-element-populated\">\n\t\t\t\t\t\t<div class=\"elementor-element elementor-element-838b0b5 elementor-widget elementor-widget-video\" data-id=\"838b0b5\" data-element_type=\"widget\" data-settings=\"{&quot;video_type&quot;:&quot;hosted&quot;,&quot;autoplay&quot;:&quot;yes&quot;,&quot;play_on_mobile&quot;:&quot;yes&quot;,&quot;mute&quot;:&quot;yes&quot;,&quot;controls&quot;:&quot;yes&quot;}\" data-widget_type=\"video.default\">\n\t\t\t\t<div class=\"elementor-widget-container\">\n\t\t\t\t\t<div class=\"e-hosted-video elementor-wrapper elementor-open-inline\">\n\t\t\t\t\t<video class=\"elementor-video\" src=\"https:\/\/www.00261.fr\/wp-content\/uploads\/2021\/08\/video_gelule_sediem.mp4\" autoplay=\"\" controls=\"\" muted=\"muted\" playsinline=\"\" controlsList=\"nodownload\"><\/video>\n\t\t\t\t<\/div>\n\t\t\t\t<\/div>\n\t\t\t\t<\/div>\n\t\t\t\t\t<\/div>\n\t\t<\/div>\n\t\t\t\t\t<\/div>\n\t\t<\/section>\n\t\t\t\t<section class=\"elementor-section elementor-top-section elementor-element elementor-element-5ba50773 elementor-section-boxed elementor-section-height-default elementor-section-height-default\" data-id=\"5ba50773\" data-element_type=\"section\">\n\t\t\t\t\t\t<div class=\"elementor-container elementor-column-gap-default\">\n\t\t\t\t\t<div class=\"elementor-column elementor-col-100 elementor-top-column elementor-element elementor-element-256db133\" data-id=\"256db133\" data-element_type=\"column\">\n\t\t\t<div class=\"elementor-widget-wrap elementor-element-populated\">\n\t\t\t\t\t\t<div class=\"elementor-element elementor-element-3fc58ca5 elementor-widget elementor-widget-text-editor\" data-id=\"3fc58ca5\" data-element_type=\"widget\" data-widget_type=\"text-editor.default\">\n\t\t\t\t<div class=\"elementor-widget-container\">\n\t\t\t\t\t\t\t<div class=\"container\">\n<div class=\"overimga\">&nbsp;<\/div>\n<div class=\"row\">\n<div class=\"col-md-4 col-sm-4\">\n<div class=\"bottom-img-infoa\">\n<h3 style=\"text-align: center;\"><strong>Notre objectif principal est de faire connaitre et promouvoir les produits Malagasy. <br>\u00a0\u00bb Io no ANTSIKA\u00a0\u00bb.<\/strong><\/h3>\n<p><\/p>\n<p style=\"text-align: center;\"><strong>L&rsquo;hiver arrive, restez en bonne sant\u00e9 gr\u00e2ce \u00e0 nos compl\u00e9ments alimentaires<\/strong><\/p>\n<p><\/p>\n<p><img fetchpriority=\"high\" decoding=\"async\" data-recalc-dims=\"1\" class=\"wp-image-1931 size-large aligncenter\" src=\"https:\/\/i0.wp.com\/www.00261.fr\/wp-content\/uploads\/2021\/10\/IMG-20211011-WA0000.jpg?resize=650%2C650&#038;ssl=1\" alt=\"\" width=\"650\" height=\"650\" srcset=\"https:\/\/i0.wp.com\/www.00261.fr\/wp-content\/uploads\/2021\/10\/IMG-20211011-WA0000.jpg?w=1280&amp;ssl=1 1280w, https:\/\/i0.wp.com\/www.00261.fr\/wp-content\/uploads\/2021\/10\/IMG-20211011-WA0000.jpg?resize=200%2C200&amp;ssl=1 200w, https:\/\/i0.wp.com\/www.00261.fr\/wp-content\/uploads\/2021\/10\/IMG-20211011-WA0000.jpg?resize=650%2C650&amp;ssl=1 650w, https:\/\/i0.wp.com\/www.00261.fr\/wp-content\/uploads\/2021\/10\/IMG-20211011-WA0000.jpg?resize=768%2C768&amp;ssl=1 768w, https:\/\/i0.wp.com\/www.00261.fr\/wp-content\/uploads\/2021\/10\/IMG-20211011-WA0000.jpg?resize=241%2C241&amp;ssl=1 241w, https:\/\/i0.wp.com\/www.00261.fr\/wp-content\/uploads\/2021\/10\/IMG-20211011-WA0000.jpg?resize=530%2C530&amp;ssl=1 530w, https:\/\/i0.wp.com\/www.00261.fr\/wp-content\/uploads\/2021\/10\/IMG-20211011-WA0000.jpg?resize=100%2C100&amp;ssl=1 100w, https:\/\/i0.wp.com\/www.00261.fr\/wp-content\/uploads\/2021\/10\/IMG-20211011-WA0000.jpg?resize=600%2C600&amp;ssl=1 600w, https:\/\/i0.wp.com\/www.00261.fr\/wp-content\/uploads\/2021\/10\/IMG-20211011-WA0000.jpg?resize=96%2C96&amp;ssl=1 96w\" sizes=\"(max-width: 650px) 100vw, 650px\" \/><\/p>\n<\/div>\n<\/div>\n<\/div>\n<\/div>\n<div>&nbsp;<\/div>\n<div class=\"container\" style=\"text-align: center;\">Consommez les produits \u00ab\u00a0Vita Malagasy\u00a0\u00bb, io ny antsika<\/div>\n<div>&nbsp;<\/div>\n<p>&nbsp; &nbsp; &nbsp; &nbsp; &nbsp; &nbsp; &nbsp; &nbsp; &nbsp; &nbsp; &nbsp; &nbsp; &nbsp; &nbsp; &nbsp; &nbsp; &nbsp; &nbsp; &nbsp; &nbsp; &nbsp; &nbsp; &nbsp; &nbsp; &nbsp; &nbsp; &nbsp; &nbsp; &nbsp; &nbsp; &nbsp; &nbsp; &nbsp; &nbsp; &nbsp; &nbsp; SEDIEM<\/p>\n<div class=\"block footer-widget-3\">\n<div id=\"text-7\" class=\"widget widget_text\">\n<div class=\"textwidget\">\n<p>Pr\u00e9s lot 1130 C 37 Sahalombo<\/p>\n<p>Antsirabe 110 Madagascar<\/p>\n<p>Nif : 3001492400<\/p>\n<p>stat : 01611 12 2017 1 0078<\/p>\n<p>contact : 00261320763280<\/p>\n<\/div>\n<\/div>\n<\/div>\n<p><br><\/p>\n<div style=\"text-align: center;\">&nbsp;<\/div>\n<div style=\"text-align: center;\"><a href=\"https:\/\/www.00261.fr\/mention-legale\/\">Mentions l\u00e9gales<\/a><\/div>\n<div style=\"text-align: center;\"><a href=\"https:\/\/www.00261.fr\/condition-generale-de-vente\/\">Conditions g\u00e9n\u00e9rales de vente (CGV)<\/a><\/div>\n<section class=\"customer-logos slider\">\n<div class=\"slide\">&nbsp;<\/div>\n<div class=\"slide\">&nbsp;<\/div>\n<div class=\"slide\">&nbsp;<\/div>\n<div class=\"slide\">&nbsp;<\/div>\n<div class=\"slide\">&nbsp;<\/div>\n<div class=\"slide\">&nbsp;<\/div>\n<\/section>\n<p><!-- wp:paragraph --><\/p>\n<p><!-- \/wp:paragraph --><\/p>\t\t\t\t\t\t<\/div>\n\t\t\t\t<\/div>\n\t\t\t\t\t<\/div>\n\t\t<\/div>\n\t\t\t\t\t<\/div>\n\t\t<\/section>\n\t\t\t\t<\/div>\n\t\t","protected":false},"excerpt":{"rendered":"<p>https:\/\/www.00261.fr\/wp-content\/uploads\/2021\/08\/video_gelule_sediem.mp4 &nbsp; Notre objectif principal est de faire connaitre et promouvoir les produits Malagasy. \u00a0\u00bb Io no ANTSIKA\u00a0\u00bb. L&rsquo;hiver arrive, restez en bonne sant\u00e9 gr\u00e2ce \u00e0 nos compl\u00e9ments alimentaires &nbsp; Consommez les produits \u00ab\u00a0Vita Malagasy\u00a0\u00bb, io ny antsika &nbsp; &nbsp; &nbsp; &nbsp; &nbsp; &nbsp; &nbsp; &nbsp; &nbsp; &nbsp; &nbsp; &nbsp; &nbsp; &nbsp; &nbsp; &nbsp; &nbsp; [&hellip;]<\/p>\n","protected":false},"author":1,"featured_media":0,"parent":0,"menu_order":0,"comment_status":"closed","ping_status":"closed","template":"","meta":{"_seopress_robots_primary_cat":"","_seopress_titles_title":"https:\/\/www.00261.fr","_seopress_titles_desc":"Ny vita Malagasy. Io no antsika","_seopress_robots_index":"","footnotes":""},"class_list":["post-203","page","type-page","status-publish","hentry"],"jetpack_sharing_enabled":true,"_links":{"self":[{"href":"https:\/\/www.00261.fr\/index.php?rest_route=\/wp\/v2\/pages\/203","targetHints":{"allow":["GET"]}}],"collection":[{"href":"https:\/\/www.00261.fr\/index.php?rest_route=\/wp\/v2\/pages"}],"about":[{"href":"https:\/\/www.00261.fr\/index.php?rest_route=\/wp\/v2\/types\/page"}],"author":[{"embeddable":true,"href":"https:\/\/www.00261.fr\/index.php?rest_route=\/wp\/v2\/users\/1"}],"replies":[{"embeddable":true,"href":"https:\/\/www.00261.fr\/index.php?rest_route=%2Fwp%2Fv2%2Fcomments&post=203"}],"version-history":[{"count":72,"href":"https:\/\/www.00261.fr\/index.php?rest_route=\/wp\/v2\/pages\/203\/revisions"}],"predecessor-version":[{"id":3913,"href":"https:\/\/www.00261.fr\/index.php?rest_route=\/wp\/v2\/pages\/203\/revisions\/3913"}],"wp:attachment":[{"href":"https:\/\/www.00261.fr\/index.php?rest_route=%2Fwp%2Fv2%2Fmedia&parent=203"}],"curies":[{"name":"wp","href":"https:\/\/api.w.org\/{rel}","templated":true}]}}